{"id":2260,"date":"2024-03-13T16:09:44","date_gmt":"2024-03-13T15:09:44","guid":{"rendered":"https:\/\/villainsulamea.com\/standort\/"},"modified":"2024-04-03T14:04:49","modified_gmt":"2024-04-03T12:04:49","slug":"standort","status":"publish","type":"page","link":"https:\/\/villainsulamea.com\/de\/standort\/","title":{"rendered":"Standort"},"content":{"rendered":"\t\t<div data-elementor-type=\"wp-page\" data-elementor-id=\"2260\" class=\"elementor elementor-2260 elementor-710\" data-elementor-post-type=\"page\">\n\t\t\t\t\t\t\t\t\t<section class=\"elementor-section elementor-top-section elementor-element elementor-element-89a0d53 elementor-section-boxed elementor-section-height-default elementor-section-height-default\" data-id=\"89a0d53\" data-element_type=\"section\" data-settings=\"{&quot;background_background&quot;:&quot;classic&quot;}\">\n\t\t\t\t\t\t<div class=\"elementor-container elementor-column-gap-default\">\n\t\t\t\t\t<div class=\"elementor-column elementor-col-50 elementor-top-column elementor-element elementor-element-45c78441\" data-id=\"45c78441\" data-element_type=\"column\" data-settings=\"{&quot;animation&quot;:&quot;none&quot;}\">\n\t\t\t<div class=\"elementor-widget-wrap elementor-element-populated\">\n\t\t\t\t\t\t\t\t<div class=\"elementor-element elementor-element-682baf97 elementor-invisible elementor-widget elementor-widget-heading\" data-id=\"682baf97\" data-element_type=\"widget\" data-settings=\"{&quot;_animation&quot;:&quot;fadeInDown&quot;}\" data-widget_type=\"heading.default\">\n\t\t\t\t<div class=\"elementor-widget-container\">\n\t\t\t<h2 class=\"elementor-heading-title elementor-size-default\">Standort<\/h2>\t\t<\/div>\n\t\t\t\t<\/div>\n\t\t\t\t<div class=\"elementor-element elementor-element-74fe0594 elementor-invisible elementor-widget elementor-widget-text-editor\" data-id=\"74fe0594\" data-element_type=\"widget\" data-settings=\"{&quot;_animation&quot;:&quot;fadeInDown&quot;,&quot;_animation_mobile&quot;:&quot;none&quot;}\" data-widget_type=\"text-editor.default\">\n\t\t\t\t<div class=\"elementor-widget-container\">\n\t\t\t\t\t\t\t<div>Die Stadt Tkon liegt auf Pa\u0161man, einer kleinen Insel im Herzen der Adria, die die Tradition und den Charme einer kleinen dalmatinischen Insel bewahrt hat. Sie ist nur 2-5 km vom Festland entfernt und durch eine Br\u00fccke mit der Insel Ugljan verbunden. Tkon ist au\u00dferdem \u00fcber F\u00e4hrverbindungen Biograd\u2013Tkon und Preko\u2013Zadar mit dem Festland verbunden. Vom Ufer aus bietet sich ein unvergesslicher Blick auf zahlreiche Inseln (Kornaten) und Inselchen (Gale\u0161njak \u2013 die Insel der Liebe) des Zadar-Archipels, die die Geheimnisse der unber\u00fchrten Natur offenbaren.<\/div><div>Die Attraktivit\u00e4t von Tkon liegt in nat\u00fcrlichen Ressourcen (unber\u00fchrte Natur, klares Meer, interessante Unterwasserwelt, Sandstr\u00e4nde und zerkl\u00fcftete K\u00fcste) sowie in der reichen Geschichte. Die Stadt ist ber\u00fchmt f\u00fcr &#8222;\u0161kraping&#8220;, einen internationalen Trekking- und Trailrunning-Wettbewerb auf den scharfen Inselklippen. Dieser wird traditionell jeden M\u00e4rz abgehalten und gilt als eine Art Extremsport. Sport- und Freizeitbegeisterte k\u00f6nnen sich auch am Radfahren, Segeln, Tauchen, Laufen, Windsurfen und vielen anderen Aktivit\u00e4ten erfreuen.<\/div><div id=\"highlighter--hover-tools\" style=\"display: none;\"><div id=\"highlighter--hover-tools--container\"><div class=\"highlighter--icon highlighter--icon-copy\" title=\"Copy\">\u00a0<\/div><div class=\"highlighter--icon highlighter--icon-change-color\" title=\"Change Color\">\u00a0<\/div><div class=\"highlighter--icon highlighter--icon-delete\" title=\"Delete\">\u00a0<\/div><\/div><\/div><div id=\"highlighter--hover-tools\" style=\"display: none;\"><div id=\"highlighter--hover-tools--container\"><div class=\"highlighter--icon highlighter--icon-copy\" title=\"Copy\">\u00a0<\/div><div class=\"highlighter--icon highlighter--icon-change-color\" title=\"Change Color\">\u00a0<\/div><div class=\"highlighter--icon highlighter--icon-delete\" title=\"Delete\">\u00a0<\/div><\/div><\/div><div id=\"highlighter--hover-tools\" style=\"display: none;\"><div id=\"highlighter--hover-tools--container\"><div class=\"highlighter--icon highlighter--icon-copy\" title=\"Copy\">\u00a0<\/div><div class=\"highlighter--icon highlighter--icon-change-color\" title=\"Change Color\">\u00a0<\/div><div class=\"highlighter--icon highlighter--icon-delete\" title=\"Delete\">\u00a0<\/div><\/div><\/div>\t\t\t\t\t\t<\/div>\n\t\t\t\t<\/div>\n\t\t\t\t\t<\/div>\n\t\t<\/div>\n\t\t\t\t<div class=\"elementor-column elementor-col-50 elementor-top-column elementor-element elementor-element-a6433fd\" data-id=\"a6433fd\" data-element_type=\"column\">\n\t\t\t<div class=\"elementor-widget-wrap elementor-element-populated\">\n\t\t\t\t\t\t\t\t<div class=\"elementor-element elementor-element-a349520 elementor-widget elementor-widget-image\" data-id=\"a349520\" data-element_type=\"widget\" data-widget_type=\"image.default\">\n\t\t\t\t<div class=\"elementor-widget-container\">\n\t\t\t\t\t\t\t\t\t\t\t\t\t\t\t<img loading=\"lazy\" decoding=\"async\" width=\"900\" height=\"572\" src=\"https:\/\/villainsulamea.com\/wp-content\/uploads\/2024\/03\/tkon.jpg\" class=\"attachment-large size-large wp-image-955\" alt=\"\" srcset=\"https:\/\/villainsulamea.com\/wp-content\/uploads\/2024\/03\/tkon.jpg 900w, https:\/\/villainsulamea.com\/wp-content\/uploads\/2024\/03\/tkon-300x191.jpg 300w, https:\/\/villainsulamea.com\/wp-content\/uploads\/2024\/03\/tkon-768x488.jpg 768w\" sizes=\"(max-width: 900px) 100vw, 900px\" \/>\t\t\t\t\t\t\t\t\t\t\t\t\t\t\t<\/div>\n\t\t\t\t<\/div>\n\t\t\t\t\t<\/div>\n\t\t<\/div>\n\t\t\t\t\t\t\t<\/div>\n\t\t<\/section>\n\t\t\t\t<section class=\"elementor-section elementor-top-section elementor-element elementor-element-32fca1f elementor-reverse-mobile elementor-section-boxed elementor-section-height-default elementor-section-height-default\" data-id=\"32fca1f\" data-element_type=\"section\" data-settings=\"{&quot;background_background&quot;:&quot;classic&quot;}\">\n\t\t\t\t\t\t<div class=\"elementor-container elementor-column-gap-default\">\n\t\t\t\t\t<div class=\"elementor-column elementor-col-50 elementor-top-column elementor-element elementor-element-b32af1d\" data-id=\"b32af1d\" data-element_type=\"column\">\n\t\t\t<div class=\"elementor-widget-wrap elementor-element-populated\">\n\t\t\t\t\t\t\t\t<div class=\"elementor-element elementor-element-8262424 elementor-widget elementor-widget-image\" data-id=\"8262424\" data-element_type=\"widget\" data-widget_type=\"image.default\">\n\t\t\t\t<div class=\"elementor-widget-container\">\n\t\t\t\t\t\t\t\t\t\t\t\t\t\t\t<img loading=\"lazy\" decoding=\"async\" width=\"1024\" height=\"576\" src=\"https:\/\/villainsulamea.com\/wp-content\/uploads\/2024\/03\/Kornati-1-3-1024x576.jpg.webp\" class=\"attachment-large size-large wp-image-954\" alt=\"\" srcset=\"https:\/\/villainsulamea.com\/wp-content\/uploads\/2024\/03\/Kornati-1-3-1024x576.jpg.webp 1024w, https:\/\/villainsulamea.com\/wp-content\/uploads\/2024\/03\/Kornati-1-3-1024x576.jpg-300x169.webp 300w, https:\/\/villainsulamea.com\/wp-content\/uploads\/2024\/03\/Kornati-1-3-1024x576.jpg-768x432.webp 768w\" sizes=\"(max-width: 1024px) 100vw, 1024px\" \/>\t\t\t\t\t\t\t\t\t\t\t\t\t\t\t<\/div>\n\t\t\t\t<\/div>\n\t\t\t\t\t<\/div>\n\t\t<\/div>\n\t\t\t\t<div class=\"elementor-column elementor-col-50 elementor-top-column elementor-element elementor-element-4ae4842\" data-id=\"4ae4842\" data-element_type=\"column\" data-settings=\"{&quot;animation&quot;:&quot;none&quot;}\">\n\t\t\t<div class=\"elementor-widget-wrap elementor-element-populated\">\n\t\t\t\t\t\t\t\t<div class=\"elementor-element elementor-element-17b864d elementor-invisible elementor-widget elementor-widget-text-editor\" data-id=\"17b864d\" data-element_type=\"widget\" data-settings=\"{&quot;_animation&quot;:&quot;fadeInDown&quot;,&quot;_animation_mobile&quot;:&quot;none&quot;}\" data-widget_type=\"text-editor.default\">\n\t\t\t\t<div class=\"elementor-widget-container\">\n\t\t\t\t\t\t\t<div>Tkon liegt au\u00dferdem in der N\u00e4he der St\u00e4dte Biograd, Zadar, \u0160ibenik und Split, der Nationalparks Plitvi\u010dka jezera, Paklenica, Krka, Kornati, des Naturparks Vransko jezero, der Hauptstra\u00dfe A1 ZG\u2013DU sowie der Flugh\u00e4fen Zadar (30 km) und Split (80 km). W\u00e4hrend Ihres Aufenthalts k\u00f6nnen Sie die umliegenden Gebiete erkunden und die Villa als Ausgangspunkt nutzen, um die Insel und das Festland zu Fu\u00df, mit dem Fahrrad, dem Auto oder dem Boot zu erkunden. In der N\u00e4he des Standorts gibt es attraktive Picknickpl\u00e4tze Nationalparks und vieles mehr. Schwingen Sie im Rhythmus dieser Region, planschen Sie im klaren Wasser, freuen Sie sich auf k\u00f6stliches Essen, segeln Sie ins Unbekannte, tanzen Sie bis zum Morgengrauen \u2013 Insula Mea ist eine Welt, die darauf wartet, entdeckt zu werden. Teilen Sie kostbare Momente mit Ihren Lieben in unserer Villa. Wir helfen Ihnen gerne dabei, gemeinsam besondere Erinnerungen zu schaffen und Ihren Aufenthalt unvergesslich zu machen.<\/div><div id=\"highlighter--hover-tools\" style=\"display: none;\"><div id=\"highlighter--hover-tools--container\"><div class=\"highlighter--icon highlighter--icon-copy\" title=\"Copy\">\u00a0<\/div><div class=\"highlighter--icon highlighter--icon-change-color\" title=\"Change Color\">\u00a0<\/div><div class=\"highlighter--icon highlighter--icon-delete\" title=\"Delete\">\u00a0<\/div><\/div><\/div><div id=\"highlighter--hover-tools\" style=\"display: none;\"><div id=\"highlighter--hover-tools--container\"><div class=\"highlighter--icon highlighter--icon-copy\" title=\"Copy\">\u00a0<\/div><div class=\"highlighter--icon highlighter--icon-change-color\" title=\"Change Color\">\u00a0<\/div><div class=\"highlighter--icon highlighter--icon-delete\" title=\"Delete\">\u00a0<\/div><\/div><\/div><div id=\"highlighter--hover-tools\" style=\"display: none;\"><div id=\"highlighter--hover-tools--container\"><div class=\"highlighter--icon highlighter--icon-copy\" title=\"Copy\">\u00a0<\/div><div class=\"highlighter--icon highlighter--icon-change-color\" title=\"Change Color\">\u00a0<\/div><div class=\"highlighter--icon highlighter--icon-delete\" title=\"Delete\">\u00a0<\/div><\/div><\/div><div id=\"highlighter--hover-tools\" style=\"display: none;\"><div id=\"highlighter--hover-tools--container\"><div class=\"highlighter--icon highlighter--icon-copy\" title=\"Copy\">\u00a0<\/div><div class=\"highlighter--icon highlighter--icon-change-color\" title=\"Change Color\">\u00a0<\/div><div class=\"highlighter--icon highlighter--icon-delete\" title=\"Delete\">\u00a0<\/div><\/div><\/div>\t\t\t\t\t\t<\/div>\n\t\t\t\t<\/div>\n\t\t\t\t\t<\/div>\n\t\t<\/div>\n\t\t\t\t\t\t\t<\/div>\n\t\t<\/section>\n\t\t\t\t<section class=\"elementor-section elementor-top-section elementor-element elementor-element-6df77fc elementor-section-boxed elementor-section-height-default elementor-section-height-default\" data-id=\"6df77fc\" data-element_type=\"section\" data-settings=\"{&quot;background_background&quot;:&quot;classic&quot;}\">\n\t\t\t\t\t\t<div class=\"elementor-container elementor-column-gap-default\">\n\t\t\t\t\t<div class=\"elementor-column elementor-col-50 elementor-top-column elementor-element elementor-element-5a98069\" data-id=\"5a98069\" data-element_type=\"column\" data-settings=\"{&quot;animation&quot;:&quot;none&quot;}\">\n\t\t\t<div class=\"elementor-widget-wrap elementor-element-populated\">\n\t\t\t\t\t\t\t\t<div class=\"elementor-element elementor-element-c56e9f3 elementor-invisible elementor-widget elementor-widget-text-editor\" data-id=\"c56e9f3\" data-element_type=\"widget\" data-settings=\"{&quot;_animation&quot;:&quot;fadeInDown&quot;,&quot;_animation_mobile&quot;:&quot;none&quot;}\" data-widget_type=\"text-editor.default\">\n\t\t\t\t<div class=\"elementor-widget-container\">\n\t\t\t\t\t\t\t<div>Wir laden Sie ein, sich in diese Ecke der Welt zu verlieben \u2013 in ihr angenehmes Klima, die Meeresluft und den Blick auf das Meer und die Inseln. Wir laden Sie ein, in unserem Tempo zu leben, das die wichtigen Dinge im Leben sch\u00e4tzt \u2013 Familie, gute Freunde, Lachen und Geselligkeit. Wir betrachten unsere G\u00e4ste nicht als Touristen, sondern als Geschichtenerz\u00e4hler, die ihren Traumurlaub selbst gestalten. Hier beginnt Ihre Geschichte von der Insel. Also, versammeln Sie Ihre Familie und Freunde und \u00fcberzeugen Sie sich selbst! Auf nach Kroatien!<\/div><div id=\"highlighter--hover-tools\" style=\"display: none;\"><div id=\"highlighter--hover-tools--container\"><div class=\"highlighter--icon highlighter--icon-copy\" title=\"Copy\">\u00a0<\/div><div class=\"highlighter--icon highlighter--icon-change-color\" title=\"Change Color\">\u00a0<\/div><div class=\"highlighter--icon highlighter--icon-delete\" title=\"Delete\">\u00a0<\/div><\/div><\/div><div id=\"highlighter--hover-tools\" style=\"display: none;\"><div id=\"highlighter--hover-tools--container\"><div class=\"highlighter--icon highlighter--icon-copy\" title=\"Copy\">\u00a0<\/div><div class=\"highlighter--icon highlighter--icon-change-color\" title=\"Change Color\">\u00a0<\/div><div class=\"highlighter--icon highlighter--icon-delete\" title=\"Delete\">\u00a0<\/div><\/div><\/div><div id=\"highlighter--hover-tools\" style=\"display: none;\"><div id=\"highlighter--hover-tools--container\"><div class=\"highlighter--icon highlighter--icon-copy\" title=\"Copy\">\u00a0<\/div><div class=\"highlighter--icon highlighter--icon-change-color\" title=\"Change Color\">\u00a0<\/div><div class=\"highlighter--icon highlighter--icon-delete\" title=\"Delete\">\u00a0<\/div><\/div><\/div><div id=\"highlighter--hover-tools\" style=\"display: none;\"><div id=\"highlighter--hover-tools--container\"><div class=\"highlighter--icon highlighter--icon-copy\" title=\"Copy\">\u00a0<\/div><div class=\"highlighter--icon highlighter--icon-change-color\" title=\"Change Color\">\u00a0<\/div><div class=\"highlighter--icon highlighter--icon-delete\" title=\"Delete\">\u00a0<\/div><\/div><\/div>\t\t\t\t\t\t<\/div>\n\t\t\t\t<\/div>\n\t\t\t\t\t<\/div>\n\t\t<\/div>\n\t\t\t\t<div class=\"elementor-column elementor-col-50 elementor-top-column elementor-element elementor-element-1528790\" data-id=\"1528790\" data-element_type=\"column\">\n\t\t\t<div class=\"elementor-widget-wrap elementor-element-populated\">\n\t\t\t\t\t\t\t\t<div class=\"elementor-element elementor-element-020336f elementor-widget elementor-widget-image\" data-id=\"020336f\" data-element_type=\"widget\" data-widget_type=\"image.default\">\n\t\t\t\t<div class=\"elementor-widget-container\">\n\t\t\t\t\t\t\t\t\t\t\t\t\t\t\t<img loading=\"lazy\" decoding=\"async\" width=\"1024\" height=\"683\" src=\"https:\/\/villainsulamea.com\/wp-content\/uploads\/2024\/03\/tkon_uvala-zaklopica-1024x683.jpg\" class=\"attachment-large size-large wp-image-956\" alt=\"\" srcset=\"https:\/\/villainsulamea.com\/wp-content\/uploads\/2024\/03\/tkon_uvala-zaklopica-1024x683.jpg 1024w, https:\/\/villainsulamea.com\/wp-content\/uploads\/2024\/03\/tkon_uvala-zaklopica-300x200.jpg 300w, https:\/\/villainsulamea.com\/wp-content\/uploads\/2024\/03\/tkon_uvala-zaklopica-768x512.jpg 768w, https:\/\/villainsulamea.com\/wp-content\/uploads\/2024\/03\/tkon_uvala-zaklopica-1536x1024.jpg 1536w, https:\/\/villainsulamea.com\/wp-content\/uploads\/2024\/03\/tkon_uvala-zaklopica.jpg 1600w\" sizes=\"(max-width: 1024px) 100vw, 1024px\" \/>\t\t\t\t\t\t\t\t\t\t\t\t\t\t\t<\/div>\n\t\t\t\t<\/div>\n\t\t\t\t\t<\/div>\n\t\t<\/div>\n\t\t\t\t\t\t\t<\/div>\n\t\t<\/section>\n\t\t\t\t\t\t\t<\/div>\n\t\t","protected":false},"excerpt":{"rendered":"<p>Die Stadt Tkon liegt auf Pa\u0161man, einer kleinen Insel im Herzen der Adria, die die Tradition und den Charme einer kleinen dalmatinischen Insel bewahrt hat. Sie ist nur 2-5 km vom Festland entfernt und durch eine Br\u00fccke mit der Insel Ugljan verbunden. Tkon ist au\u00dferdem \u00fcber F\u00e4hrverbindungen Biograd\u2013Tkon und Preko\u2013Zadar mit dem Festland verbunden. Vom &hellip;<\/p>\n<p class=\"read-more\"> <a class=\"\" href=\"https:\/\/villainsulamea.com\/de\/standort\/\"> <span class=\"screen-reader-text\">Standort<\/span> Weiterlesen &raquo;<\/a><\/p>\n","protected":false},"author":1,"featured_media":0,"parent":0,"menu_order":0,"comment_status":"closed","ping_status":"closed","template":"","meta":{"_monsterinsights_skip_tracking":false,"_monsterinsights_sitenote_active":false,"_monsterinsights_sitenote_note":"","_monsterinsights_sitenote_category":0,"site-sidebar-layout":"no-sidebar","site-content-layout":"page-builder","ast-site-content-layout":"full-width-container","site-content-style":"default","site-sidebar-style":"default","ast-global-header-display":"","ast-banner-title-visibility":"","ast-main-header-display":"","ast-hfb-above-header-display":"","ast-hfb-below-header-display":"","ast-hfb-mobile-header-display":"","site-post-title":"disabled","ast-breadcrumbs-content":"","ast-featured-img":"disabled","footer-sml-layout":"","theme-transparent-header-meta":"","adv-header-id-meta":"","stick-header-meta":"","header-above-stick-meta":"","header-main-stick-meta":"","header-below-stick-meta":"","astra-migrate-meta-layouts":"","footnotes":""},"_links":{"self":[{"href":"https:\/\/villainsulamea.com\/de\/wp-json\/wp\/v2\/pages\/2260"}],"collection":[{"href":"https:\/\/villainsulamea.com\/de\/wp-json\/wp\/v2\/pages"}],"about":[{"href":"https:\/\/villainsulamea.com\/de\/wp-json\/wp\/v2\/types\/page"}],"author":[{"embeddable":true,"href":"https:\/\/villainsulamea.com\/de\/wp-json\/wp\/v2\/users\/1"}],"replies":[{"embeddable":true,"href":"https:\/\/villainsulamea.com\/de\/wp-json\/wp\/v2\/comments?post=2260"}],"version-history":[{"count":4,"href":"https:\/\/villainsulamea.com\/de\/wp-json\/wp\/v2\/pages\/2260\/revisions"}],"predecessor-version":[{"id":2264,"href":"https:\/\/villainsulamea.com\/de\/wp-json\/wp\/v2\/pages\/2260\/revisions\/2264"}],"wp:attachment":[{"href":"https:\/\/villainsulamea.com\/de\/wp-json\/wp\/v2\/media?parent=2260"}],"curies":[{"name":"wp","href":"https:\/\/api.w.org\/{rel}","templated":true}]}}