{"id":2265,"date":"2024-03-20T12:55:14","date_gmt":"2024-03-20T11:55:14","guid":{"rendered":"https:\/\/villainsulamea.com\/villa\/"},"modified":"2024-04-03T14:07:28","modified_gmt":"2024-04-03T12:07:28","slug":"villa","status":"publish","type":"page","link":"https:\/\/villainsulamea.com\/de\/villa\/","title":{"rendered":"Villa"},"content":{"rendered":"\t\t<div data-elementor-type=\"wp-page\" data-elementor-id=\"2265\" class=\"elementor elementor-2265 elementor-906\" data-elementor-post-type=\"page\">\n\t\t\t\t\t\t\t\t\t<section class=\"elementor-section elementor-top-section elementor-element elementor-element-89a0d53 elementor-section-boxed elementor-section-height-default elementor-section-height-default\" data-id=\"89a0d53\" data-element_type=\"section\" data-settings=\"{&quot;background_background&quot;:&quot;classic&quot;}\">\n\t\t\t\t\t\t<div class=\"elementor-container elementor-column-gap-default\">\n\t\t\t\t\t<div class=\"elementor-column elementor-col-100 elementor-top-column elementor-element elementor-element-45c78441\" data-id=\"45c78441\" data-element_type=\"column\" data-settings=\"{&quot;animation&quot;:&quot;none&quot;}\">\n\t\t\t<div class=\"elementor-widget-wrap elementor-element-populated\">\n\t\t\t\t\t\t\t\t<div class=\"elementor-element elementor-element-220e50c5 elementor-invisible elementor-widget elementor-widget-heading\" data-id=\"220e50c5\" data-element_type=\"widget\" data-settings=\"{&quot;_animation&quot;:&quot;fadeInDown&quot;}\" data-widget_type=\"heading.default\">\n\t\t\t\t<div class=\"elementor-widget-container\">\n\t\t\t<h2 class=\"elementor-heading-title elementor-size-default\">Villa<\/h2>\t\t<\/div>\n\t\t\t\t<\/div>\n\t\t\t\t<div class=\"elementor-element elementor-element-74fe0594 elementor-invisible elementor-widget elementor-widget-text-editor\" data-id=\"74fe0594\" data-element_type=\"widget\" data-settings=\"{&quot;_animation&quot;:&quot;fadeInDown&quot;,&quot;_animation_mobile&quot;:&quot;none&quot;}\" data-widget_type=\"text-editor.default\">\n\t\t\t\t<div class=\"elementor-widget-container\">\n\t\t\t\t\t\t\t<div>Die Villa verf\u00fcgt \u00fcber drei separate, voll ausgestattete Apartments, die geschickt zu einer gemeinsamen Einheit mit vier Schlafzimmern, vier B\u00e4dern und drei K\u00fcchen kombiniert sind.<\/div><div>\u00a0<\/div><div>Das Innere der Wohnung ist darauf ausgelegt, den Alltag zu vereinfachen. Die K\u00fcche, das Esszimmer und das Wohnzimmer bilden einen offenen Raum mit einem wundersch\u00f6nen Blick auf das Meer. Die ger\u00e4umigen und eleganten Schlafzimmer sowie Badezimmer bieten ebenfalls eine solche Aussicht. Das gesamte Haus verf\u00fcgt \u00fcber Fu\u00dfbodenheizung, und jede Wohnung ist mit Klimaanlage und einem Holzkamin ausgestattet. WLAN ist in der gesamten Villa verf\u00fcgbar.<\/div><div>\u00a0<\/div><div>Ein gepflegter Au\u00dfenbereich mit einem luxuri\u00f6sen beheizten Swimmingpool eignet sich perfekt, um in der Sonne zu entspannen. Es gibt mehrere Sitzbereiche, die einen gro\u00dfartigen Blick auf das Meer oder den Wald bieten und die es Ihnen m\u00f6glich machen die Vegetation zu genie\u00dfen. Die Dachterrasse mit einem Whirlpool, Liegest\u00fchlen und Gartenm\u00f6beln ist der richtige Ort, wenn Sie eine spektakul\u00e4re Aussicht und Entspannung bei Sonnenuntergang suchen. Es ist ein idealer Ort, um mit Hilfe eines interessanten Buches zu entspannen, sich zu sonnen oder im Whirlpool zu schwimmen, w\u00e4hrend Sie ein Glas k\u00f6stlichen Weins genie\u00dfen. Entspannen Sie sich und genie\u00dfen Sie die Sonne am Pool neben einer offenen K\u00fcche, speisen Sie mit Blick auf den Sonnenuntergang \u00fcber dem Pa\u0161man-Kanal und den Inseln oder trinken Sie ein Glas Wein im Whirlpool.<\/div><div>\u00a0<\/div><div>Es gibt genug Platz, um Ihre eigene Ecke zu finden, aber auch, um Momente mit Familie und Freunden zu teilen, wie zum Beispiel Spa\u00df im Pool zu haben. Wenn Sie ruhige Tage am Pool bevorzugen, k\u00f6nnen Sie sich in einem wunderbaren Pool verw\u00f6hnen lassen, der nahtlos in den Au\u00dfenbereich eingebettet ist, der genauso elegant und minimalistisch wie das Innere ist. Es gibt einen Esstisch am Pool neben der Au\u00dfenk\u00fcche mit einem Gas- oder Holzkohlegrill, perfekt f\u00fcr lange Mittag- und Abendessen im Freien. Sie k\u00f6nnen Ihr Auto auf dem sicheren privaten Parkplatz innerhalb des Anwesens abstellen.<\/div><div id=\"highlighter--hover-tools\" style=\"display: none;\"><div id=\"highlighter--hover-tools--container\"><div class=\"highlighter--icon highlighter--icon-copy\" title=\"Copy\">\u00a0<\/div><div class=\"highlighter--icon highlighter--icon-change-color\" title=\"Change Color\">\u00a0<\/div><div class=\"highlighter--icon highlighter--icon-delete\" title=\"Delete\">\u00a0<\/div><\/div><\/div><div id=\"highlighter--hover-tools\" style=\"display: none;\"><div id=\"highlighter--hover-tools--container\"><div class=\"highlighter--icon highlighter--icon-copy\" title=\"Copy\">\u00a0<\/div><div class=\"highlighter--icon highlighter--icon-change-color\" title=\"Change Color\">\u00a0<\/div><div class=\"highlighter--icon highlighter--icon-delete\" title=\"Delete\">\u00a0<\/div><\/div><\/div><div id=\"highlighter--hover-tools\" style=\"display: none;\"><div id=\"highlighter--hover-tools--container\"><div class=\"highlighter--icon highlighter--icon-copy\" title=\"Copy\">\u00a0<\/div><div class=\"highlighter--icon highlighter--icon-change-color\" title=\"Change Color\">\u00a0<\/div><div class=\"highlighter--icon highlighter--icon-delete\" title=\"Delete\">\u00a0<\/div><\/div><\/div><div id=\"highlighter--hover-tools\" style=\"display: none;\"><div id=\"highlighter--hover-tools--container\"><div class=\"highlighter--icon highlighter--icon-copy\" title=\"Copy\">\u00a0<\/div><div class=\"highlighter--icon highlighter--icon-change-color\" title=\"Change Color\">\u00a0<\/div><div class=\"highlighter--icon highlighter--icon-delete\" title=\"Delete\">\u00a0<\/div><\/div><\/div><div id=\"highlighter--hover-tools\" style=\"display: none;\"><div id=\"highlighter--hover-tools--container\"><div class=\"highlighter--icon highlighter--icon-copy\" title=\"Copy\">\u00a0<\/div><div class=\"highlighter--icon highlighter--icon-change-color\" title=\"Change Color\">\u00a0<\/div><div class=\"highlighter--icon highlighter--icon-delete\" title=\"Delete\">\u00a0<\/div><\/div><\/div>\t\t\t\t\t\t<\/div>\n\t\t\t\t<\/div>\n\t\t\t\t\t<\/div>\n\t\t<\/div>\n\t\t\t\t\t\t\t<\/div>\n\t\t<\/section>\n\t\t\t\t<section class=\"elementor-section elementor-top-section elementor-element elementor-element-7f2b0a6a elementor-section-full_width elementor-section-height-default elementor-section-height-default\" data-id=\"7f2b0a6a\" data-element_type=\"section\" data-settings=\"{&quot;background_background&quot;:&quot;classic&quot;,&quot;background_motion_fx_motion_fx_scrolling&quot;:&quot;yes&quot;,&quot;background_motion_fx_translateY_effect&quot;:&quot;yes&quot;,&quot;background_motion_fx_translateY_speed&quot;:{&quot;unit&quot;:&quot;px&quot;,&quot;size&quot;:&quot;8&quot;,&quot;sizes&quot;:[]},&quot;background_motion_fx_range&quot;:&quot;page&quot;,&quot;background_motion_fx_translateY_affectedRange&quot;:{&quot;unit&quot;:&quot;%&quot;,&quot;size&quot;:&quot;&quot;,&quot;sizes&quot;:{&quot;start&quot;:0,&quot;end&quot;:100}},&quot;background_motion_fx_devices&quot;:[&quot;desktop&quot;,&quot;tablet&quot;,&quot;mobile&quot;]}\">\n\t\t\t\t\t\t\t<div class=\"elementor-background-overlay\"><\/div>\n\t\t\t\t\t\t\t<div class=\"elementor-container elementor-column-gap-default\">\n\t\t\t\t\t<div class=\"elementor-column elementor-col-25 elementor-top-column elementor-element elementor-element-2434a1c3\" data-id=\"2434a1c3\" data-element_type=\"column\">\n\t\t\t<div class=\"elementor-widget-wrap elementor-element-populated\">\n\t\t\t\t\t\t\t\t<div class=\"elementor-element elementor-element-53dfdf88 elementor-cta--skin-cover elementor-cta--valign-top elementor-animated-content elementor-bg-transform elementor-bg-transform-zoom-in elementor-widget elementor-widget-call-to-action\" data-id=\"53dfdf88\" data-element_type=\"widget\" data-widget_type=\"call-to-action.default\">\n\t\t\t\t<div class=\"elementor-widget-container\">\n\t\t\t\t\t<div class=\"elementor-cta\">\n\t\t\t\t\t<div class=\"elementor-cta__bg-wrapper\">\n\t\t\t\t<div class=\"elementor-cta__bg elementor-bg\" style=\"background-image: url(https:\/\/villainsulamea.com\/wp-content\/uploads\/2024\/03\/0165-1-1024x683.jpg);\" role=\"img\" aria-label=\"0165\"><\/div>\n\t\t\t\t<div class=\"elementor-cta__bg-overlay\"><\/div>\n\t\t\t<\/div>\n\t\t\t\t\t\t\t<div class=\"elementor-cta__content\">\n\t\t\t\t\n\t\t\t\t\t\t\t\t\t<h3 class=\"elementor-cta__title elementor-cta__content-item elementor-content-item elementor-animated-item--enter-from-top\">\n\t\t\t\t\t\t \t\t\t\t\t<\/h3>\n\t\t\t\t\n\t\t\t\t\n\t\t\t\t\t\t\t<\/div>\n\t\t\t\t\t\t<\/div>\n\t\t\t\t<\/div>\n\t\t\t\t<\/div>\n\t\t\t\t\t<\/div>\n\t\t<\/div>\n\t\t\t\t<div class=\"elementor-column elementor-col-25 elementor-top-column elementor-element elementor-element-212ac660\" data-id=\"212ac660\" data-element_type=\"column\">\n\t\t\t<div class=\"elementor-widget-wrap elementor-element-populated\">\n\t\t\t\t\t\t\t\t<div class=\"elementor-element elementor-element-639c5783 elementor-cta--skin-cover elementor-cta--valign-top elementor-animated-content elementor-bg-transform elementor-bg-transform-zoom-in elementor-widget elementor-widget-call-to-action\" data-id=\"639c5783\" data-element_type=\"widget\" data-widget_type=\"call-to-action.default\">\n\t\t\t\t<div class=\"elementor-widget-container\">\n\t\t\t\t\t<div class=\"elementor-cta\">\n\t\t\t\t\t<div class=\"elementor-cta__bg-wrapper\">\n\t\t\t\t<div class=\"elementor-cta__bg elementor-bg\" style=\"background-image: url(https:\/\/villainsulamea.com\/wp-content\/uploads\/2024\/03\/0172-1-1024x683.jpg);\" role=\"img\" aria-label=\"0172\"><\/div>\n\t\t\t\t<div class=\"elementor-cta__bg-overlay\"><\/div>\n\t\t\t<\/div>\n\t\t\t\t\t\t\t<div class=\"elementor-cta__content\">\n\t\t\t\t\n\t\t\t\t\t\t\t\t\t<h3 class=\"elementor-cta__title elementor-cta__content-item elementor-content-item elementor-animated-item--enter-from-top\">\n\t\t\t\t\t\t \t\t\t\t\t<\/h3>\n\t\t\t\t\n\t\t\t\t\n\t\t\t\t\t\t\t<\/div>\n\t\t\t\t\t\t<\/div>\n\t\t\t\t<\/div>\n\t\t\t\t<\/div>\n\t\t\t\t\t<\/div>\n\t\t<\/div>\n\t\t\t\t<div class=\"elementor-column elementor-col-25 elementor-top-column elementor-element elementor-element-ba40790\" data-id=\"ba40790\" data-element_type=\"column\">\n\t\t\t<div class=\"elementor-widget-wrap elementor-element-populated\">\n\t\t\t\t\t\t\t\t<div class=\"elementor-element elementor-element-1a5d2827 elementor-cta--skin-cover elementor-cta--valign-top elementor-animated-content elementor-bg-transform elementor-bg-transform-zoom-in elementor-widget elementor-widget-call-to-action\" data-id=\"1a5d2827\" data-element_type=\"widget\" data-widget_type=\"call-to-action.default\">\n\t\t\t\t<div class=\"elementor-widget-container\">\n\t\t\t\t\t<div class=\"elementor-cta\">\n\t\t\t\t\t<div class=\"elementor-cta__bg-wrapper\">\n\t\t\t\t<div class=\"elementor-cta__bg elementor-bg\" style=\"background-image: url(https:\/\/villainsulamea.com\/wp-content\/uploads\/2024\/03\/0181-1-1024x683.jpg);\" role=\"img\" aria-label=\"0181\"><\/div>\n\t\t\t\t<div class=\"elementor-cta__bg-overlay\"><\/div>\n\t\t\t<\/div>\n\t\t\t\t\t\t\t<div class=\"elementor-cta__content\">\n\t\t\t\t\n\t\t\t\t\t\t\t\t\t<h3 class=\"elementor-cta__title elementor-cta__content-item elementor-content-item elementor-animated-item--enter-from-top\">\n\t\t\t\t\t\t \t\t\t\t\t<\/h3>\n\t\t\t\t\n\t\t\t\t\n\t\t\t\t\t\t\t<\/div>\n\t\t\t\t\t\t<\/div>\n\t\t\t\t<\/div>\n\t\t\t\t<\/div>\n\t\t\t\t\t<\/div>\n\t\t<\/div>\n\t\t\t\t<div class=\"elementor-column elementor-col-25 elementor-top-column elementor-element elementor-element-5e7fc918\" data-id=\"5e7fc918\" data-element_type=\"column\">\n\t\t\t<div class=\"elementor-widget-wrap elementor-element-populated\">\n\t\t\t\t\t\t\t\t<div class=\"elementor-element elementor-element-4fffa008 elementor-cta--skin-cover elementor-cta--valign-top elementor-animated-content elementor-bg-transform elementor-bg-transform-zoom-in elementor-widget elementor-widget-call-to-action\" data-id=\"4fffa008\" data-element_type=\"widget\" data-widget_type=\"call-to-action.default\">\n\t\t\t\t<div class=\"elementor-widget-container\">\n\t\t\t\t\t<div class=\"elementor-cta\">\n\t\t\t\t\t<div class=\"elementor-cta__bg-wrapper\">\n\t\t\t\t<div class=\"elementor-cta__bg elementor-bg\" style=\"background-image: url(https:\/\/villainsulamea.com\/wp-content\/uploads\/2024\/03\/0189-1-1024x683.jpg);\" role=\"img\" aria-label=\"0189\"><\/div>\n\t\t\t\t<div class=\"elementor-cta__bg-overlay\"><\/div>\n\t\t\t<\/div>\n\t\t\t\t\t\t\t<div class=\"elementor-cta__content\">\n\t\t\t\t\n\t\t\t\t\t\t\t\t\t<h3 class=\"elementor-cta__title elementor-cta__content-item elementor-content-item elementor-animated-item--enter-from-top\">\n\t\t\t\t\t\t \t\t\t\t\t<\/h3>\n\t\t\t\t\n\t\t\t\t\n\t\t\t\t\t\t\t<\/div>\n\t\t\t\t\t\t<\/div>\n\t\t\t\t<\/div>\n\t\t\t\t<\/div>\n\t\t\t\t\t<\/div>\n\t\t<\/div>\n\t\t\t\t\t\t\t<\/div>\n\t\t<\/section>\n\t\t\t\t\t\t\t<\/div>\n\t\t","protected":false},"excerpt":{"rendered":"<p>Die Villa verf\u00fcgt \u00fcber drei separate, voll ausgestattete Apartments, die geschickt zu einer gemeinsamen Einheit mit vier Schlafzimmern, vier B\u00e4dern und drei K\u00fcchen kombiniert sind.\u00a0Das Innere der Wohnung ist darauf ausgelegt, den Alltag zu vereinfachen. Die K\u00fcche, das Esszimmer und das Wohnzimmer bilden einen offenen Raum mit einem wundersch\u00f6nen Blick auf das Meer. Die ger\u00e4umigen &hellip;<\/p>\n<p class=\"read-more\"> <a class=\"\" href=\"https:\/\/villainsulamea.com\/de\/villa\/\"> <span class=\"screen-reader-text\">Villa<\/span> Weiterlesen &raquo;<\/a><\/p>\n","protected":false},"author":1,"featured_media":0,"parent":0,"menu_order":0,"comment_status":"closed","ping_status":"closed","template":"","meta":{"_monsterinsights_skip_tracking":false,"_monsterinsights_sitenote_active":false,"_monsterinsights_sitenote_note":"","_monsterinsights_sitenote_category":0,"site-sidebar-layout":"no-sidebar","site-content-layout":"page-builder","ast-site-content-layout":"full-width-container","site-content-style":"default","site-sidebar-style":"default","ast-global-header-display":"","ast-banner-title-visibility":"","ast-main-header-display":"","ast-hfb-above-header-display":"","ast-hfb-below-header-display":"","ast-hfb-mobile-header-display":"","site-post-title":"disabled","ast-breadcrumbs-content":"","ast-featured-img":"disabled","footer-sml-layout":"","theme-transparent-header-meta":"","adv-header-id-meta":"","stick-header-meta":"","header-above-stick-meta":"","header-main-stick-meta":"","header-below-stick-meta":"","astra-migrate-meta-layouts":"","footnotes":""},"_links":{"self":[{"href":"https:\/\/villainsulamea.com\/de\/wp-json\/wp\/v2\/pages\/2265"}],"collection":[{"href":"https:\/\/villainsulamea.com\/de\/wp-json\/wp\/v2\/pages"}],"about":[{"href":"https:\/\/villainsulamea.com\/de\/wp-json\/wp\/v2\/types\/page"}],"author":[{"embeddable":true,"href":"https:\/\/villainsulamea.com\/de\/wp-json\/wp\/v2\/users\/1"}],"replies":[{"embeddable":true,"href":"https:\/\/villainsulamea.com\/de\/wp-json\/wp\/v2\/comments?post=2265"}],"version-history":[{"count":6,"href":"https:\/\/villainsulamea.com\/de\/wp-json\/wp\/v2\/pages\/2265\/revisions"}],"predecessor-version":[{"id":2271,"href":"https:\/\/villainsulamea.com\/de\/wp-json\/wp\/v2\/pages\/2265\/revisions\/2271"}],"wp:attachment":[{"href":"https:\/\/villainsulamea.com\/de\/wp-json\/wp\/v2\/media?parent=2265"}],"curies":[{"name":"wp","href":"https:\/\/api.w.org\/{rel}","templated":true}]}}