{"id":2272,"date":"2021-12-31T02:28:24","date_gmt":"2021-12-31T01:28:24","guid":{"rendered":"https:\/\/villainsulamea.com\/datenschutzbestimmungen\/"},"modified":"2024-04-03T14:12:49","modified_gmt":"2024-04-03T12:12:49","slug":"datenschutzbestimmungen","status":"publish","type":"page","link":"https:\/\/villainsulamea.com\/de\/datenschutzbestimmungen\/","title":{"rendered":"Datenschutzbestimmungen"},"content":{"rendered":"\t\t<div data-elementor-type=\"wp-page\" data-elementor-id=\"2272\" class=\"elementor elementor-2272 elementor-78\" data-elementor-post-type=\"page\">\n\t\t\t\t\t\t\t\t\t<section class=\"elementor-section elementor-top-section elementor-element elementor-element-8c27da1 elementor-section-boxed elementor-section-height-default elementor-section-height-default\" data-id=\"8c27da1\" data-element_type=\"section\">\n\t\t\t\t\t\t<div class=\"elementor-container elementor-column-gap-default\">\n\t\t\t\t\t<div class=\"elementor-column elementor-col-100 elementor-top-column elementor-element elementor-element-2775809\" data-id=\"2775809\" data-element_type=\"column\">\n\t\t\t<div class=\"elementor-widget-wrap elementor-element-populated\">\n\t\t\t\t\t\t\t\t<div class=\"elementor-element elementor-element-dd69000 elementor-widget elementor-widget-text-editor\" data-id=\"dd69000\" data-element_type=\"widget\" data-widget_type=\"text-editor.default\">\n\t\t\t\t<div class=\"elementor-widget-container\">\n\t\t\t\t\t\t\t<div><span lang=\"de\">Im Rahmen unserer T\u00e4tigkeit erheben und verarbeiten wir personenbezogene Daten unserer Kunden.\u00a0Da der Schutz Ihrer Privatsph\u00e4re f\u00fcr uns oberste Priorit\u00e4t hat, haben wir die folgende Datenschutzerkl\u00e4rung \u00fcbernommen.<\/span><\/div><div>\u00a0<\/div><div><span lang=\"de\">Villa INSULA MEA befolgt die folgenden Grunds\u00e4tze, um Ihre Privatsph\u00e4re zu sch\u00fctzen:<\/span><\/div><div><span lang=\"de\">\u2022 Wir sammeln nicht mehr Informationen als n\u00f6tig;<\/span><\/div><div><span lang=\"de\">\u2022 Wir verwenden Ihre Daten nicht f\u00fcr andere als die angegebenen Zwecke.<\/span><\/div><div><span lang=\"de\">\u2022 Wir speichern Ihre Daten nicht, sofern diese nicht mehr erforderlich sind;<\/span><\/div><div><span lang=\"de\">\u2022 Wir verkaufen, verleihen, verteilen oder ver\u00f6ffentlichen Ihre pers\u00f6nlichen Daten niemals;<\/span><\/div><div><span lang=\"de\">\u2022 Wir geben Ihre Daten nicht an Dritte weiter;<\/span><\/div><div><span lang=\"de\">\u2022 Wir nutzen keine automatisierte Verarbeitung und Entscheidungsfindung oder Profiling;<\/span><\/div><div><span lang=\"de\">\u2022 Wir \u00fcbermitteln Ihre personenbezogenen Daten nicht an ein Drittland oder eine internationale Organisation;<\/span><\/div><div><span lang=\"de\">\u2022 Wir pr\u00fcfen auch die sichere Speicherung Ihrer Daten.<\/span><\/div><div><span lang=\"de\">Villa INSULA MEA sammelt nur die begrenzte Menge an Informationen \u00fcber Sie, die zur Beantwortung Ihrer Anfrage und hoffentlich zum Aufbau einer langfristigen und zuverl\u00e4ssigen Gesch\u00e4ftsbeziehung erforderlich sind.<\/span><\/div><div><span lang=\"de\">Wir von Villa INSULA MEA haben eine Datenschutzrichtlinie erstellt, die Ihnen helfen soll zu verstehen, welche Informationen wir sammeln, zu welchem \u200b\u200bZweck wir sie verwenden und wie Sie Ihre Rechte aus\u00fcben k\u00f6nnen.<\/span><\/div><div><span lang=\"de\">Es ist wichtig, unsere Datenschutzrichtlinie zu lesen und wir hoffen, dass Sie sich die Zeit und Aufmerksamkeit nehmen.<\/span><\/div><div>\u00a0<\/div><div>\u00a0<\/div><div><strong><span lang=\"de\">Wie und welche Daten erheben wir?<\/span><\/strong><\/div><div><span lang=\"de\">Wenn Sie uns \u00fcber unser Web-Kontaktformular oder direkt \u00fcber unsere E-Mail-Adresse kontaktieren.\u00a0Die von Ihnen eingegebenen (pers\u00f6nlichen Daten wie Name, E-Mail-Adresse, Telefonnummer) oder per E-Mail \u00fcbermittelten Informationen werden verarbeitet und gespeichert, damit wir Sie kontaktieren und auf Ihre Anfrage antworten k\u00f6nnen.\u00a0Wenn Sie unter 16 Jahre alt sind, m\u00fcssen Sie vor der Bereitstellung personenbezogener Daten die Zustimmung Ihrer Eltern oder Erziehungsberechtigten einholen.\u00a0Indem Sie die Kontaktformulare auf unserer Website ausf\u00fcllen oder uns direkt per E-Mail kontaktieren, garantieren Sie, dass die von Ihnen gemachten Angaben korrekt sind und dass Sie mit den Bestimmungen unserer Datenschutzerkl\u00e4rung und den darin genannten Bedingungen voll und ganz einverstanden sind.<\/span><\/div><div>\u00a0<\/div><div>\u00a0<\/div><div><strong><span lang=\"de\">Informationen zum Verantwortlichen Ihrer Datenverarbeitung<\/span><\/strong><\/div><div><span lang=\"de\">Der Verantwortliche f\u00fcr die Verarbeitung dieser Website und Ihrer personenbezogenen Daten ist Villa INSULA MEA, Svastinj 7, 23212 Tkon.<\/span><\/div><div><span lang=\"de\">Zu welchem \u200b\u200bZweck und auf welcher Rechtsgrundlage werden Ihre Daten erhoben?<\/span><\/div><div><span lang=\"de\">Durchf\u00fchrung der am besten geeigneten Aktivit\u00e4ten auf Ihren Wunsch hin, bevor Sie eine Gesch\u00e4ftsbeziehung eingehen, basierend auf der Gesch\u00e4ftst\u00e4tigkeit des Unternehmens und seinem berechtigten Interesse.<\/span><\/div><div>\u00a0<\/div><div>\u00a0<\/div><div><strong><span lang=\"de\">Wie lange werden Ihre personenbezogenen Daten gespeichert?<\/span><\/strong><\/div><div><span lang=\"de\">Soweit wir zum Zweck der Anbahnung einer gemeinsamen gesch\u00e4ftlichen Zusammenarbeit eine offene Kommunikation pflegen, sowie w\u00e4hrend der Dauer unseres Vertragsverh\u00e4ltnisses.<\/span><\/div><div>\u00a0<\/div><div>\u00a0<\/div><div><strong><span lang=\"de\">Wie werden wir Informationen \u00fcber Sie verwenden?<\/span><\/strong><\/div><div><span lang=\"de\">Wir sammeln Informationen \u00fcber Sie, damit wir Sie kontaktieren und auf Ihre Anfrage antworten k\u00f6nnen.\u00a0Wir erheben und verwenden Ihre erforderlichen personenbezogenen Daten zum Zwecke der Abwicklung unserer Gesch\u00e4ftsbeziehung sowie w\u00e4hrend der Dauer unserer Vertragsbeziehung. W\u00e4hrend der Dauer der Vertragsbeziehung sendet Ihnen Villa INSULA MEA Informationen \u00fcber neue Produkte und Dienstleistungen zu, die wir anbieten Ich denke, dass dies f\u00fcr Sie von Interesse sein k\u00f6nnte, wenn Sie bei der Kontaktaufnahme mit unserem Unternehmen \u00fcber das Webformular Ihre Einwilligung hierzu erteilt haben.\u00a0Sie k\u00f6nnen Ihre uns hierf\u00fcr erteilte Einwilligung jederzeit widerrufen; in diesem Fall werden wir diese Verarbeitung einstellen.<\/span><\/div><div>\u00a0<\/div><div>\u00a0<\/div><div><strong><span lang=\"de\">Google Analytics<\/span><\/strong><\/div><div><span lang=\"de\">Bei der Erhebung personenbezogener Daten k\u00f6nnen bestimmte Daten von der Google Analytics-Plattform gespeichert werden.\u00a0Weitere Informationen zu den Datenschutzbestimmungen der Google Analytics-Plattform finden Sie unter folgendem Link:\u00a0https:\/\/policies.google.com\/<wbr \/>privacy?hl=hr.<\/span><\/div><div>\u00a0<\/div><div>\u00a0<\/div><div><strong><span lang=\"de\">Informationssicherheit<\/span><\/strong><\/div><div><span lang=\"de\">Wir haben Sicherheitsma\u00dfnahmen getroffen, um die personenbezogenen Daten, die Sie uns mitteilen, zu sch\u00fctzen.\u00a0Ihre personenbezogenen Daten werden vor versehentlicher oder unrechtm\u00e4\u00dfiger Zerst\u00f6rung, Verlust, \u00c4nderung, unbefugter Offenlegung oder Zugriff auf personenbezogene Daten, die \u00fcbermittelt, gespeichert oder anderweitig verarbeitet werden, gesch\u00fctzt.<\/span><\/div><div>\u00a0<\/div><div>\u00a0<\/div><div><strong><span lang=\"de\">\u00dcber unseren Website-Server<\/span><\/strong><\/div><div><span lang=\"de\">Diese Website wird weltweit von einem bekannten Dienstleister in der EU gehostet.\u00a0Diese Website wird von einem weltweit bekannten Dienstleister in Deutschland und der EU gehostet, der nach Auffassung der Europ\u00e4ischen Kommission ein angemessenes Schutzniveau f\u00fcr die personenbezogenen Daten von EU-B\u00fcrgern gew\u00e4hrleistet.<\/span><\/div><div>\u00a0<\/div><div>\u00a0<\/div><div><strong>Cookies<\/strong><\/div><div><span lang=\"de\">Um das Surfen auf unseren Internetseiten zu erleichtern, verwendet unser globaler Netzwerkserver Cookies.<\/span><\/div><div><span lang=\"de\">Cookies k\u00f6nnen nicht dazu verwendet werden, Programme auszuf\u00fchren oder Viren auf Ihrem Computer zu installieren.\u00a0Die Betrachtung unserer Seiten ist auch ohne den Einsatz von Cookies m\u00f6glich, sofern Ihr Internetbrowser entsprechend eingestellt ist.<\/span><\/div><div>\u00a0<\/div><div>\u00a0<\/div><div><strong><span lang=\"de\">Deine Rechte<\/span><\/strong><\/div><div><span lang=\"de\">Sie haben das Recht, Auskunft \u00fcber die Verarbeitung Ihrer personenbezogenen Daten zu erhalten, Ihre Einwilligung jederzeit zu widerrufen, Ihre personenbezogenen Daten zu berichtigen oder zu erg\u00e4nzen, damit diese stets richtig sind, und Ihre personenbezogenen Daten zu l\u00f6schen, wenn sie f\u00fcr die oben genannten Zwecke nicht mehr ben\u00f6tigt werden Zwecke, Ihre personenbezogenen Daten in strukturierter Form zu \u00fcbermitteln und eine Beschwerde an Villa INSULA MEA in Svastinj 7, 23212 Tkon oder an\u00a0info@villainsulamea.com\u00a0oder an die zust\u00e4ndige staatliche Beh\u00f6rde einzureichen.<\/span><\/div><div>\u00a0<\/div><div>\u00a0<\/div><div><div><strong><span lang=\"de\">Ihr Einverst\u00e4ndnis<\/span><\/strong><\/div><div><span lang=\"de\">Durch die Nutzung dieser Website erkl\u00e4ren Sie sich mit dieser Datenschutzerkl\u00e4rung einverstanden, d. h. Sie erteilen Villa INSULA MEA Ihre ausdr\u00fcckliche Zustimmung zur Erhebung und weiteren Verarbeitung Ihrer personenbezogenen Daten sowie aller weiteren Daten, die ihr durch die Erbringung ihrer Dienstleistungen im Rahmen der gesetzlichen Bestimmungen bekannt werden Vorschriften und alles im Einklang mit dem in diesen Regeln definierten Zweck.\u00a0Sie best\u00e4tigen au\u00dferdem, dass Sie mit allen wesentlichen Informationen \u00fcber die Villa INSULA MEA und die von ihr angebotenen Dienstleistungen vertraut sind.<\/span><\/div><div>\u00a0<\/div><div>\u00a0<\/div><div><strong><span lang=\"de\">Das Recht, eine Beschwerde bei der zust\u00e4ndigen Beh\u00f6rde einzureichen<\/span><\/strong><\/div><div><span lang=\"de\">Sie k\u00f6nnen jederzeit eine Beschwerde direkt bei der zust\u00e4ndigen Aufsichtsbeh\u00f6rde einreichen: Agentur f\u00fcr den Schutz personenbezogener Daten (AZOP), Marti\u0107eva 14, Zagreb, Kontakt: +385 (0)1 4609 999,\u00a0azop@azop.hr, www.azop .hr.<\/span><\/div><div>\u00a0<\/div><div>\u00a0<\/div><div><strong><span lang=\"de\">Verletzung personenbezogener Daten<\/span><\/strong><\/div><div><span lang=\"de\">Wir werden jede rechtswidrige Datenschutzverletzung der AZOP als zust\u00e4ndiger Datenschutzbeh\u00f6rde melden.<\/span><\/div><\/div><div>\u00a0<\/div><div>\u00a0<\/div><div><div><strong><span lang=\"de\">\u00c4nderungen unserer Datenschutzerkl\u00e4rung<\/span><\/strong><\/div><div><span lang=\"de\">Im Falle von \u00c4nderungen unserer Datenschutzrichtlinie werden wir Sie auf dieser Seite benachrichtigen und das Datum der \u00c4nderung der Datenschutzrichtlinie unten wie folgt aktualisieren.<\/span><\/div><div><span lang=\"de\">Diese Datenschutzrichtlinie wurde am 29.04.2024 aktualisiert.<\/span><\/div><\/div><div id=\"highlighter--hover-tools\" style=\"display: none;\"><div id=\"highlighter--hover-tools--container\"><div class=\"highlighter--icon highlighter--icon-copy\" title=\"Copy\">\u00a0<\/div><div class=\"highlighter--icon highlighter--icon-change-color\" title=\"Change Color\">\u00a0<\/div><div class=\"highlighter--icon highlighter--icon-delete\" title=\"Delete\">\u00a0<\/div><\/div><\/div><div id=\"highlighter--hover-tools\" style=\"display: none;\"><div id=\"highlighter--hover-tools--container\"><div class=\"highlighter--icon highlighter--icon-copy\" title=\"Copy\">\u00a0<\/div><div class=\"highlighter--icon highlighter--icon-change-color\" title=\"Change Color\">\u00a0<\/div><div class=\"highlighter--icon highlighter--icon-delete\" title=\"Delete\">\u00a0<\/div><\/div><\/div>\t\t\t\t\t\t<\/div>\n\t\t\t\t<\/div>\n\t\t\t\t\t<\/div>\n\t\t<\/div>\n\t\t\t\t\t\t\t<\/div>\n\t\t<\/section>\n\t\t\t\t\t\t\t<\/div>\n\t\t","protected":false},"excerpt":{"rendered":"<p>Im Rahmen unserer T\u00e4tigkeit erheben und verarbeiten wir personenbezogene Daten unserer Kunden.\u00a0Da der Schutz Ihrer Privatsph\u00e4re f\u00fcr uns oberste Priorit\u00e4t hat, haben wir die folgende Datenschutzerkl\u00e4rung \u00fcbernommen.\u00a0Villa INSULA MEA befolgt die folgenden Grunds\u00e4tze, um Ihre Privatsph\u00e4re zu sch\u00fctzen:\u2022 Wir sammeln nicht mehr Informationen als n\u00f6tig;\u2022 Wir verwenden Ihre Daten nicht f\u00fcr andere als die angegebenen &hellip;<\/p>\n<p class=\"read-more\"> <a class=\"\" href=\"https:\/\/villainsulamea.com\/de\/datenschutzbestimmungen\/\"> <span class=\"screen-reader-text\">Datenschutzbestimmungen<\/span> Weiterlesen &raquo;<\/a><\/p>\n","protected":false},"author":1,"featured_media":0,"parent":0,"menu_order":0,"comment_status":"closed","ping_status":"closed","template":"","meta":{"_monsterinsights_skip_tracking":false,"_monsterinsights_sitenote_active":false,"_monsterinsights_sitenote_note":"","_monsterinsights_sitenote_category":0,"site-sidebar-layout":"no-sidebar","site-content-layout":"page-builder","ast-site-content-layout":"full-width-container","site-content-style":"unboxed","site-sidebar-style":"unboxed","ast-global-header-display":"","ast-banner-title-visibility":"","ast-main-header-display":"","ast-hfb-above-header-display":"","ast-hfb-below-header-display":"","ast-hfb-mobile-header-display":"","site-post-title":"disabled","ast-breadcrumbs-content":"","ast-featured-img":"disabled","footer-sml-layout":"","theme-transparent-header-meta":"","adv-header-id-meta":"","stick-header-meta":"","header-above-stick-meta":"","header-main-stick-meta":"","header-below-stick-meta":"","astra-migrate-meta-layouts":"","footnotes":""},"_links":{"self":[{"href":"https:\/\/villainsulamea.com\/de\/wp-json\/wp\/v2\/pages\/2272"}],"collection":[{"href":"https:\/\/villainsulamea.com\/de\/wp-json\/wp\/v2\/pages"}],"about":[{"href":"https:\/\/villainsulamea.com\/de\/wp-json\/wp\/v2\/types\/page"}],"author":[{"embeddable":true,"href":"https:\/\/villainsulamea.com\/de\/wp-json\/wp\/v2\/users\/1"}],"replies":[{"embeddable":true,"href":"https:\/\/villainsulamea.com\/de\/wp-json\/wp\/v2\/comments?post=2272"}],"version-history":[{"count":13,"href":"https:\/\/villainsulamea.com\/de\/wp-json\/wp\/v2\/pages\/2272\/revisions"}],"predecessor-version":[{"id":2287,"href":"https:\/\/villainsulamea.com\/de\/wp-json\/wp\/v2\/pages\/2272\/revisions\/2287"}],"wp:attachment":[{"href":"https:\/\/villainsulamea.com\/de\/wp-json\/wp\/v2\/media?parent=2272"}],"curies":[{"name":"wp","href":"https:\/\/api.w.org\/{rel}","templated":true}]}}