{"id":2288,"date":"2024-02-09T11:58:17","date_gmt":"2024-02-09T10:58:17","guid":{"rendered":"https:\/\/villainsulamea.com\/bedingungen-und-konditionen\/"},"modified":"2024-04-03T14:34:19","modified_gmt":"2024-04-03T12:34:19","slug":"bedingungen-und-konditionen","status":"publish","type":"page","link":"https:\/\/villainsulamea.com\/de\/bedingungen-und-konditionen\/","title":{"rendered":"Bedingungen und Konditionen"},"content":{"rendered":"\t\t<div data-elementor-type=\"wp-page\" data-elementor-id=\"2288\" class=\"elementor elementor-2288 elementor-473\" data-elementor-post-type=\"page\">\n\t\t\t\t\t\t\t\t\t<section class=\"elementor-section elementor-top-section elementor-element elementor-element-c678476 elementor-section-boxed elementor-section-height-default elementor-section-height-default\" data-id=\"c678476\" data-element_type=\"section\" data-settings=\"{&quot;background_background&quot;:&quot;classic&quot;}\">\n\t\t\t\t\t\t<div class=\"elementor-container elementor-column-gap-default\">\n\t\t\t\t\t<div class=\"elementor-column elementor-col-100 elementor-top-column elementor-element elementor-element-120797f\" data-id=\"120797f\" data-element_type=\"column\">\n\t\t\t<div class=\"elementor-widget-wrap elementor-element-populated\">\n\t\t\t\t\t\t\t\t<div class=\"elementor-element elementor-element-d5044d1 elementor-widget elementor-widget-text-editor\" data-id=\"d5044d1\" data-element_type=\"widget\" data-widget_type=\"text-editor.default\">\n\t\t\t\t<div class=\"elementor-widget-container\">\n\t\t\t\t\t\t\t<p><strong>Gesch\u00e4ftsbedingungen<\/strong><\/p><p><br \/>Folgende Gesch\u00e4ftsbedingungen gelten f\u00fcr G\u00e4ste beim Check-in:<\/p><p>1.\u00a0Die Villa Insula Mea ist berechtigt, nur ordnungsgem\u00e4\u00df registrierte G\u00e4ste<br \/>unterzubringen. Zu diesem Zweck m\u00fcssen die G\u00e4ste ihren g\u00fcltigen Personalausweis,<br \/>Reisepass oder einen anderen g\u00fcltigen Identit\u00e4tsnachweis vorlegen.<\/p><p>2.\u00a0Reservierungsgeb\u00fchr: Bei einer Reservierung ist es erforderlich, 30% des<br \/>Gesamtpreises der Reservierung per \u00dcberweisung auf das Bankkonto der Villa zu<br \/>zahlen, zusammen mit den Zahlungsinformationen. Der verbleibende Teil des Betrags<br \/>ist sp\u00e4testens 30 Tage vor der Anreise f\u00e4llig.<\/p><p>3.\u00a0Stornierungsrichtlinien: \u25e6 Vollst\u00e4ndige R\u00fcckerstattung der Reservierungsgeb\u00fchr bei<br \/>Stornierung\u00a030 Tage vor der geplanten Reservierung. \u25e6 Keine R\u00fcckerstattung der<br \/>Reservierungsgeb\u00fchr bei Stornierung 29 Tage vor der geplanten Reservierung.<\/p><p>4. Option f\u00fcr fr\u00fchen Check-in\/sp\u00e4ten Check-out, je nach Verf\u00fcgbarkeit.<br \/>CHECK-IN: 16.00 Uhr<br \/>CHECK-OUT: 10.00 Uhr<\/p><p>5. Die Kaution betr\u00e4gt 500 \u20ac in bar und wird beim Verlassen der Villa zur\u00fcckerstattet.<\/p><p>6. Das Rauchen ist innerhalb der Villa nicht gestattet.<\/p><p>7. Haustierfreundlich; auf Anfrage.<\/p><div id=\"highlighter--hover-tools\" style=\"display: none;\"><div id=\"highlighter--hover-tools--container\"><div class=\"highlighter--icon highlighter--icon-copy\" title=\"Copy\">\u00a0<\/div><div class=\"highlighter--icon highlighter--icon-change-color\" title=\"Change color\">\u00a0<\/div><div class=\"highlighter--icon highlighter--icon-delete\" title=\"Delete\">\u00a0<\/div><\/div><\/div><div id=\"highlighter--hover-tools\" style=\"display: none;\"><div id=\"highlighter--hover-tools--container\"><div class=\"highlighter--icon highlighter--icon-copy\" title=\"Copy\">\u00a0<\/div><div class=\"highlighter--icon highlighter--icon-change-color\" title=\"Change Color\">\u00a0<\/div><div class=\"highlighter--icon highlighter--icon-delete\" title=\"Delete\">\u00a0<\/div><\/div><\/div>\t\t\t\t\t\t<\/div>\n\t\t\t\t<\/div>\n\t\t\t\t\t<\/div>\n\t\t<\/div>\n\t\t\t\t\t\t\t<\/div>\n\t\t<\/section>\n\t\t\t\t\t\t\t<\/div>\n\t\t","protected":false},"excerpt":{"rendered":"<p>Gesch\u00e4ftsbedingungen Folgende Gesch\u00e4ftsbedingungen gelten f\u00fcr G\u00e4ste beim Check-in: 1.\u00a0Die Villa Insula Mea ist berechtigt, nur ordnungsgem\u00e4\u00df registrierte G\u00e4steunterzubringen. Zu diesem Zweck m\u00fcssen die G\u00e4ste ihren g\u00fcltigen Personalausweis,Reisepass oder einen anderen g\u00fcltigen Identit\u00e4tsnachweis vorlegen. 2.\u00a0Reservierungsgeb\u00fchr: Bei einer Reservierung ist es erforderlich, 30% desGesamtpreises der Reservierung per \u00dcberweisung auf das Bankkonto der Villa zuzahlen, zusammen mit den &hellip;<\/p>\n<p class=\"read-more\"> <a class=\"\" href=\"https:\/\/villainsulamea.com\/de\/bedingungen-und-konditionen\/\"> <span class=\"screen-reader-text\">Bedingungen und Konditionen<\/span> Weiterlesen &raquo;<\/a><\/p>\n","protected":false},"author":1,"featured_media":0,"parent":0,"menu_order":0,"comment_status":"closed","ping_status":"closed","template":"","meta":{"_monsterinsights_skip_tracking":false,"_monsterinsights_sitenote_active":false,"_monsterinsights_sitenote_note":"","_monsterinsights_sitenote_category":0,"site-sidebar-layout":"no-sidebar","site-content-layout":"page-builder","ast-site-content-layout":"full-width-container","site-content-style":"default","site-sidebar-style":"default","ast-global-header-display":"","ast-banner-title-visibility":"","ast-main-header-display":"","ast-hfb-above-header-display":"","ast-hfb-below-header-display":"","ast-hfb-mobile-header-display":"","site-post-title":"disabled","ast-breadcrumbs-content":"","ast-featured-img":"disabled","footer-sml-layout":"","theme-transparent-header-meta":"","adv-header-id-meta":"","stick-header-meta":"","header-above-stick-meta":"","header-main-stick-meta":"","header-below-stick-meta":"","astra-migrate-meta-layouts":"","footnotes":""},"_links":{"self":[{"href":"https:\/\/villainsulamea.com\/de\/wp-json\/wp\/v2\/pages\/2288"}],"collection":[{"href":"https:\/\/villainsulamea.com\/de\/wp-json\/wp\/v2\/pages"}],"about":[{"href":"https:\/\/villainsulamea.com\/de\/wp-json\/wp\/v2\/types\/page"}],"author":[{"embeddable":true,"href":"https:\/\/villainsulamea.com\/de\/wp-json\/wp\/v2\/users\/1"}],"replies":[{"embeddable":true,"href":"https:\/\/villainsulamea.com\/de\/wp-json\/wp\/v2\/comments?post=2288"}],"version-history":[{"count":7,"href":"https:\/\/villainsulamea.com\/de\/wp-json\/wp\/v2\/pages\/2288\/revisions"}],"predecessor-version":[{"id":2295,"href":"https:\/\/villainsulamea.com\/de\/wp-json\/wp\/v2\/pages\/2288\/revisions\/2295"}],"wp:attachment":[{"href":"https:\/\/villainsulamea.com\/de\/wp-json\/wp\/v2\/media?parent=2288"}],"curies":[{"name":"wp","href":"https:\/\/api.w.org\/{rel}","templated":true}]}}