{"id":2066,"date":"2024-03-13T16:09:44","date_gmt":"2024-03-13T15:09:44","guid":{"rendered":"https:\/\/villainsulamea.com\/lokacija\/"},"modified":"2024-03-29T10:58:46","modified_gmt":"2024-03-29T09:58:46","slug":"lokacija","status":"publish","type":"page","link":"https:\/\/villainsulamea.com\/hr\/lokacija\/","title":{"rendered":"Lokacija"},"content":{"rendered":"\t\t<div data-elementor-type=\"wp-page\" data-elementor-id=\"2066\" class=\"elementor elementor-2066 elementor-710\" data-elementor-post-type=\"page\">\n\t\t\t\t\t\t\t\t\t<section class=\"elementor-section elementor-top-section elementor-element elementor-element-89a0d53 elementor-section-boxed elementor-section-height-default elementor-section-height-default\" data-id=\"89a0d53\" data-element_type=\"section\" data-settings=\"{&quot;background_background&quot;:&quot;classic&quot;}\">\n\t\t\t\t\t\t<div class=\"elementor-container elementor-column-gap-default\">\n\t\t\t\t\t<div class=\"elementor-column elementor-col-50 elementor-top-column elementor-element elementor-element-45c78441\" data-id=\"45c78441\" data-element_type=\"column\" data-settings=\"{&quot;animation&quot;:&quot;none&quot;}\">\n\t\t\t<div class=\"elementor-widget-wrap elementor-element-populated\">\n\t\t\t\t\t\t\t\t<div class=\"elementor-element elementor-element-682baf97 elementor-invisible elementor-widget elementor-widget-heading\" data-id=\"682baf97\" data-element_type=\"widget\" data-settings=\"{&quot;_animation&quot;:&quot;fadeInDown&quot;}\" data-widget_type=\"heading.default\">\n\t\t\t\t<div class=\"elementor-widget-container\">\n\t\t\t<h2 class=\"elementor-heading-title elementor-size-default\">Lokacija<\/h2>\t\t<\/div>\n\t\t\t\t<\/div>\n\t\t\t\t<div class=\"elementor-element elementor-element-74fe0594 elementor-invisible elementor-widget elementor-widget-text-editor\" data-id=\"74fe0594\" data-element_type=\"widget\" data-settings=\"{&quot;_animation&quot;:&quot;fadeInDown&quot;,&quot;_animation_mobile&quot;:&quot;none&quot;}\" data-widget_type=\"text-editor.default\">\n\t\t\t\t<div class=\"elementor-widget-container\">\n\t\t\t\t\t\t\tMjesto Tkon smje\u0161teno je na Pa\u0161manu, malom otoku u srcu Jadrana koji je sa\u010duvao tradiciju i\n\u0161arm malog dalmatinskog otoka. Od kopna je udaljen svega 2 \u2013 5 km. S otokom Ugljanom\npovezan je mostom, a s kopnom trajektnim linijama Biograd \u2013 Tkon i Preko \u2013 Zadar. S obale\nse pru\u017ea nezaboravan pogled na brojne otoke (Kornati) i oto\u010di\u0107e (Gale\u0161njak \u2013 otok ljubavi)\nzadarskog arhipelaga koji otkrivaju tajne netaknute prirode.\nBogatstvo Tkona prirodni su resursi (neiskvarena priroda, \u010disto more, zanimljivo podmorje,\npje\u0161\u010dane pla\u017ee i razvedena obala) te bogata povijest. Poznat je po \u0161krapingu, internacionalnoj\ntrekking i trail utrci po o\u0161trom oto\u010dkom kamenju, koja se se svake godine tradicionalno\nodr\u017eava u o\u017eujku i smatra se jednom vrstom ekstremnog sporta. Ljubitelji sporta i rekreacije\nmogu tako\u0111er u\u017eivati u biciklizmu, jedrenju, ronjenju, tr\u010danju, jedrenju na dasci i mnogim\ndrugim aktivnostima.\t\t\t\t\t\t<\/div>\n\t\t\t\t<\/div>\n\t\t\t\t\t<\/div>\n\t\t<\/div>\n\t\t\t\t<div class=\"elementor-column elementor-col-50 elementor-top-column elementor-element elementor-element-a6433fd\" data-id=\"a6433fd\" data-element_type=\"column\">\n\t\t\t<div class=\"elementor-widget-wrap elementor-element-populated\">\n\t\t\t\t\t\t\t\t<div class=\"elementor-element elementor-element-a349520 elementor-widget elementor-widget-image\" data-id=\"a349520\" data-element_type=\"widget\" data-widget_type=\"image.default\">\n\t\t\t\t<div class=\"elementor-widget-container\">\n\t\t\t\t\t\t\t\t\t\t\t\t\t\t\t<img loading=\"lazy\" decoding=\"async\" width=\"900\" height=\"572\" src=\"https:\/\/villainsulamea.com\/wp-content\/uploads\/2024\/03\/tkon.jpg\" class=\"attachment-large size-large wp-image-955\" alt=\"\" srcset=\"https:\/\/villainsulamea.com\/wp-content\/uploads\/2024\/03\/tkon.jpg 900w, https:\/\/villainsulamea.com\/wp-content\/uploads\/2024\/03\/tkon-300x191.jpg 300w, https:\/\/villainsulamea.com\/wp-content\/uploads\/2024\/03\/tkon-768x488.jpg 768w\" sizes=\"(max-width: 900px) 100vw, 900px\" \/>\t\t\t\t\t\t\t\t\t\t\t\t\t\t\t<\/div>\n\t\t\t\t<\/div>\n\t\t\t\t\t<\/div>\n\t\t<\/div>\n\t\t\t\t\t\t\t<\/div>\n\t\t<\/section>\n\t\t\t\t<section class=\"elementor-section elementor-top-section elementor-element elementor-element-32fca1f elementor-reverse-mobile elementor-section-boxed elementor-section-height-default elementor-section-height-default\" data-id=\"32fca1f\" data-element_type=\"section\" data-settings=\"{&quot;background_background&quot;:&quot;classic&quot;}\">\n\t\t\t\t\t\t<div class=\"elementor-container elementor-column-gap-default\">\n\t\t\t\t\t<div class=\"elementor-column elementor-col-50 elementor-top-column elementor-element elementor-element-b32af1d\" data-id=\"b32af1d\" data-element_type=\"column\">\n\t\t\t<div class=\"elementor-widget-wrap elementor-element-populated\">\n\t\t\t\t\t\t\t\t<div class=\"elementor-element elementor-element-8262424 elementor-widget elementor-widget-image\" data-id=\"8262424\" data-element_type=\"widget\" data-widget_type=\"image.default\">\n\t\t\t\t<div class=\"elementor-widget-container\">\n\t\t\t\t\t\t\t\t\t\t\t\t\t\t\t<img loading=\"lazy\" decoding=\"async\" width=\"1024\" height=\"576\" src=\"https:\/\/villainsulamea.com\/wp-content\/uploads\/2024\/03\/Kornati-1-3-1024x576.jpg.webp\" class=\"attachment-large size-large wp-image-954\" alt=\"\" srcset=\"https:\/\/villainsulamea.com\/wp-content\/uploads\/2024\/03\/Kornati-1-3-1024x576.jpg.webp 1024w, https:\/\/villainsulamea.com\/wp-content\/uploads\/2024\/03\/Kornati-1-3-1024x576.jpg-300x169.webp 300w, https:\/\/villainsulamea.com\/wp-content\/uploads\/2024\/03\/Kornati-1-3-1024x576.jpg-768x432.webp 768w\" sizes=\"(max-width: 1024px) 100vw, 1024px\" \/>\t\t\t\t\t\t\t\t\t\t\t\t\t\t\t<\/div>\n\t\t\t\t<\/div>\n\t\t\t\t\t<\/div>\n\t\t<\/div>\n\t\t\t\t<div class=\"elementor-column elementor-col-50 elementor-top-column elementor-element elementor-element-4ae4842\" data-id=\"4ae4842\" data-element_type=\"column\" data-settings=\"{&quot;animation&quot;:&quot;none&quot;}\">\n\t\t\t<div class=\"elementor-widget-wrap elementor-element-populated\">\n\t\t\t\t\t\t\t\t<div class=\"elementor-element elementor-element-17b864d elementor-invisible elementor-widget elementor-widget-text-editor\" data-id=\"17b864d\" data-element_type=\"widget\" data-settings=\"{&quot;_animation&quot;:&quot;fadeInDown&quot;,&quot;_animation_mobile&quot;:&quot;none&quot;}\" data-widget_type=\"text-editor.default\">\n\t\t\t\t<div class=\"elementor-widget-container\">\n\t\t\t\t\t\t\tTkon je tako\u0111er u blizini gradova Biograda, Zadra, \u0160ibenika i Splita, nacionalnih parkova\nPlitvi\u010dka jezera, Paklenica, Krka, Kornati, parka prirode Vransko jezero, glavne prometnice\nA1 ZG \u2013 DU te zra\u010dne luke Zadar (30 km) i Split (80 km).\nTijekom svog boravka mo\u017eete istra\u017eivati okolna podru\u010dja i vilu koristiti kao bazu za\nistra\u017eivanje otoka i kopna pje\u0161ke, biciklom, autom ili \u010damcem. U blizini lokacije nalaze se\natraktivna izleti\u0161ta, nacionalni parkovi i jo\u0161 puno toga.\nVibrirajte u ritmu ovog kraja, pljuskajte u \u010distoj vodi, veselite se ukusnoj hrani, plovite u\nnepoznato, ple\u0161ite do zore \u2013 Insula Mea otkriva svijet za sebe. Podijelite dragocjene trenutke\nsa svojim najdra\u017eima u na\u0161oj vili. Rado \u0107emo Vam pomo\u0107i da stvorite posebne zajedni\u010dke\ntrenutke kako biste svoj boravak u\u010dinili nezaboravnim.\t\t\t\t\t\t<\/div>\n\t\t\t\t<\/div>\n\t\t\t\t\t<\/div>\n\t\t<\/div>\n\t\t\t\t\t\t\t<\/div>\n\t\t<\/section>\n\t\t\t\t<section class=\"elementor-section elementor-top-section elementor-element elementor-element-6df77fc elementor-section-boxed elementor-section-height-default elementor-section-height-default\" data-id=\"6df77fc\" data-element_type=\"section\" data-settings=\"{&quot;background_background&quot;:&quot;classic&quot;}\">\n\t\t\t\t\t\t<div class=\"elementor-container elementor-column-gap-default\">\n\t\t\t\t\t<div class=\"elementor-column elementor-col-50 elementor-top-column elementor-element elementor-element-5a98069\" data-id=\"5a98069\" data-element_type=\"column\" data-settings=\"{&quot;animation&quot;:&quot;none&quot;}\">\n\t\t\t<div class=\"elementor-widget-wrap elementor-element-populated\">\n\t\t\t\t\t\t\t\t<div class=\"elementor-element elementor-element-c56e9f3 elementor-invisible elementor-widget elementor-widget-text-editor\" data-id=\"c56e9f3\" data-element_type=\"widget\" data-settings=\"{&quot;_animation&quot;:&quot;fadeInDown&quot;,&quot;_animation_mobile&quot;:&quot;none&quot;}\" data-widget_type=\"text-editor.default\">\n\t\t\t\t<div class=\"elementor-widget-container\">\n\t\t\t\t\t\t\tPozivamo Vas da se zaljubite u ovaj kutak svijeta, njegovu ugodnu klimu, morski zrak i\npogled na more i otoke. Pozivamo Vas da se kre\u0107ete na\u0161im tempom koji njeguje va\u017ene stvari\nu \u017eivotu \u2013 obitelj, dobre prijatelje, smijeh i dru\u017eenje.\nO svojim gostima ne razmi\u0161ljamo kao o turistima, ve\u0107 o pripovjeda\u010dima pri\u010da koji stvaraju\nsvoj odmor iz snova. Tu po\u010dinje Va\u0161a pri\u010da o otoku.\nStoga okupite obitelj i dru\u0161tvo i uvjerite se sami! Idemo u Hrvatsku!!\t\t\t\t\t\t<\/div>\n\t\t\t\t<\/div>\n\t\t\t\t\t<\/div>\n\t\t<\/div>\n\t\t\t\t<div class=\"elementor-column elementor-col-50 elementor-top-column elementor-element elementor-element-1528790\" data-id=\"1528790\" data-element_type=\"column\">\n\t\t\t<div class=\"elementor-widget-wrap elementor-element-populated\">\n\t\t\t\t\t\t\t\t<div class=\"elementor-element elementor-element-020336f elementor-widget elementor-widget-image\" data-id=\"020336f\" data-element_type=\"widget\" data-widget_type=\"image.default\">\n\t\t\t\t<div class=\"elementor-widget-container\">\n\t\t\t\t\t\t\t\t\t\t\t\t\t\t\t<img loading=\"lazy\" decoding=\"async\" width=\"1024\" height=\"683\" src=\"https:\/\/villainsulamea.com\/wp-content\/uploads\/2024\/03\/tkon_uvala-zaklopica-1024x683.jpg\" class=\"attachment-large size-large wp-image-956\" alt=\"\" srcset=\"https:\/\/villainsulamea.com\/wp-content\/uploads\/2024\/03\/tkon_uvala-zaklopica-1024x683.jpg 1024w, https:\/\/villainsulamea.com\/wp-content\/uploads\/2024\/03\/tkon_uvala-zaklopica-300x200.jpg 300w, https:\/\/villainsulamea.com\/wp-content\/uploads\/2024\/03\/tkon_uvala-zaklopica-768x512.jpg 768w, https:\/\/villainsulamea.com\/wp-content\/uploads\/2024\/03\/tkon_uvala-zaklopica-1536x1024.jpg 1536w, https:\/\/villainsulamea.com\/wp-content\/uploads\/2024\/03\/tkon_uvala-zaklopica.jpg 1600w\" sizes=\"(max-width: 1024px) 100vw, 1024px\" \/>\t\t\t\t\t\t\t\t\t\t\t\t\t\t\t<\/div>\n\t\t\t\t<\/div>\n\t\t\t\t\t<\/div>\n\t\t<\/div>\n\t\t\t\t\t\t\t<\/div>\n\t\t<\/section>\n\t\t\t\t\t\t\t<\/div>\n\t\t","protected":false},"excerpt":{"rendered":"<p>Mjesto Tkon smje\u0161teno je na Pa\u0161manu, malom otoku u srcu Jadrana koji je sa\u010duvao tradiciju i \u0161arm malog dalmatinskog otoka. Od kopna je udaljen svega 2 \u2013 5 km. S otokom Ugljanom povezan je mostom, a s kopnom trajektnim linijama Biograd \u2013 Tkon i Preko \u2013 Zadar. S obale se pru\u017ea nezaboravan pogled na brojne &hellip;<\/p>\n<p class=\"read-more\"> <a class=\"\" href=\"https:\/\/villainsulamea.com\/hr\/lokacija\/\"> <span class=\"screen-reader-text\">Lokacija<\/span> Read More &raquo;<\/a><\/p>\n","protected":false},"author":1,"featured_media":0,"parent":0,"menu_order":0,"comment_status":"closed","ping_status":"closed","template":"","meta":{"_monsterinsights_skip_tracking":false,"_monsterinsights_sitenote_active":false,"_monsterinsights_sitenote_note":"","_monsterinsights_sitenote_category":0,"site-sidebar-layout":"no-sidebar","site-content-layout":"page-builder","ast-site-content-layout":"full-width-container","site-content-style":"default","site-sidebar-style":"default","ast-global-header-display":"","ast-banner-title-visibility":"","ast-main-header-display":"","ast-hfb-above-header-display":"","ast-hfb-below-header-display":"","ast-hfb-mobile-header-display":"","site-post-title":"disabled","ast-breadcrumbs-content":"","ast-featured-img":"disabled","footer-sml-layout":"","theme-transparent-header-meta":"","adv-header-id-meta":"","stick-header-meta":"","header-above-stick-meta":"","header-main-stick-meta":"","header-below-stick-meta":"","astra-migrate-meta-layouts":"","footnotes":""},"_links":{"self":[{"href":"https:\/\/villainsulamea.com\/hr\/wp-json\/wp\/v2\/pages\/2066"}],"collection":[{"href":"https:\/\/villainsulamea.com\/hr\/wp-json\/wp\/v2\/pages"}],"about":[{"href":"https:\/\/villainsulamea.com\/hr\/wp-json\/wp\/v2\/types\/page"}],"author":[{"embeddable":true,"href":"https:\/\/villainsulamea.com\/hr\/wp-json\/wp\/v2\/users\/1"}],"replies":[{"embeddable":true,"href":"https:\/\/villainsulamea.com\/hr\/wp-json\/wp\/v2\/comments?post=2066"}],"version-history":[{"count":4,"href":"https:\/\/villainsulamea.com\/hr\/wp-json\/wp\/v2\/pages\/2066\/revisions"}],"predecessor-version":[{"id":2070,"href":"https:\/\/villainsulamea.com\/hr\/wp-json\/wp\/v2\/pages\/2066\/revisions\/2070"}],"wp:attachment":[{"href":"https:\/\/villainsulamea.com\/hr\/wp-json\/wp\/v2\/media?parent=2066"}],"curies":[{"name":"wp","href":"https:\/\/api.w.org\/{rel}","templated":true}]}}