{"id":2098,"date":"2024-02-09T11:58:17","date_gmt":"2024-02-09T10:58:17","guid":{"rendered":"https:\/\/villainsulamea.com\/terms-conditions\/"},"modified":"2024-04-08T15:04:39","modified_gmt":"2024-04-08T13:04:39","slug":"odredbe-i-uvjeti","status":"publish","type":"page","link":"https:\/\/villainsulamea.com\/hr\/odredbe-i-uvjeti\/","title":{"rendered":"Odredbe i uvjeti"},"content":{"rendered":"\t\t<div data-elementor-type=\"wp-page\" data-elementor-id=\"2098\" class=\"elementor elementor-2098 elementor-473\" data-elementor-post-type=\"page\">\n\t\t\t\t\t\t\t\t\t<section class=\"elementor-section elementor-top-section elementor-element elementor-element-c678476 elementor-section-boxed elementor-section-height-default elementor-section-height-default\" data-id=\"c678476\" data-element_type=\"section\" data-settings=\"{&quot;background_background&quot;:&quot;classic&quot;}\">\n\t\t\t\t\t\t<div class=\"elementor-container elementor-column-gap-default\">\n\t\t\t\t\t<div class=\"elementor-column elementor-col-100 elementor-top-column elementor-element elementor-element-120797f\" data-id=\"120797f\" data-element_type=\"column\">\n\t\t\t<div class=\"elementor-widget-wrap elementor-element-populated\">\n\t\t\t\t\t\t\t\t<div class=\"elementor-element elementor-element-d5044d1 elementor-widget elementor-widget-text-editor\" data-id=\"d5044d1\" data-element_type=\"widget\" data-widget_type=\"text-editor.default\">\n\t\t\t\t<div class=\"elementor-widget-container\">\n\t\t\t\t\t\t\t<p align=\"left\">Odredbe i uvjeti<\/p><p align=\"left\">Sljede\u0107e odredbe i uvjeti provode se za goste koji se prijavljuju:<\/p><p align=\"left\">1. Villa\u00a0 Insula Mea\u00a0 ovla\u0161tena je primati samo uredno prijavljene goste. U tu svrhu gosti trebaju pokazati svoju va\u017ee\u0107u osobnu iskaznicu, putovnicu ili bilo koji drugi va\u017ee\u0107i dokaz identiteta.<\/p><p align=\"left\">2. Naknada za rezervaciju:<\/p><p align=\"left\">Prilikom rezervacije potrebno je uplatiti 30 % ukupne cijene rezervacije bankovnim prijenosom na bankovni ra\u010dun vile, uz podatke o pla\u0107anju. Preostali dio iznosa dospijeva najkasnije 30 dana prije dolaska.<\/p><p align=\"left\">3. Politika otkazivanja:<\/p><p align=\"left\">Puni povrat naknade za rezervaciju za otkazivanje izvr\u0161eno 30 dana prije zakazane rezervacije.<\/p><p align=\"left\">\u25e6\u00a0Nema povrata naknade za rezervaciju za otkazivanje 29 dana prije zakazane rezervacije.<\/p><p align=\"left\">4. Privilegije rane prijave\/kasne odjave ovise o raspolo\u017eivosti.<\/p><p align=\"left\">CHECK-IN: 16.00<\/p><p align=\"left\">CHECK-OUT: 10.00<\/p><p align=\"left\">5. Sigurnosni depozit iznosi 500 \u20ac u gotovini i vra\u0107a se prilikom odlaska.<\/p><p align=\"left\">6. Pu\u0161enje nije dopu\u0161teno unutar vile.<\/p><p align=\"left\">7. Prikladan za ku\u0107ne ljubimce; na upit.<\/p><div id=\"highlighter--hover-tools\" style=\"display: none;\"><div id=\"highlighter--hover-tools--container\"><div title=\"Copy\">\u00a0<\/div><div title=\"Change Color\">\u00a0<\/div><div title=\"Delete\">\u00a0<\/div><\/div><\/div>\t\t\t\t\t\t<\/div>\n\t\t\t\t<\/div>\n\t\t\t\t\t<\/div>\n\t\t<\/div>\n\t\t\t\t\t\t\t<\/div>\n\t\t<\/section>\n\t\t\t\t\t\t\t<\/div>\n\t\t","protected":false},"excerpt":{"rendered":"<p>Odredbe i uvjeti Sljede\u0107e odredbe i uvjeti provode se za goste koji se prijavljuju: 1. Villa\u00a0 Insula Mea\u00a0 ovla\u0161tena je primati samo uredno prijavljene goste. U tu svrhu gosti trebaju pokazati svoju va\u017ee\u0107u osobnu iskaznicu, putovnicu ili bilo koji drugi va\u017ee\u0107i dokaz identiteta. 2. Naknada za rezervaciju: Prilikom rezervacije potrebno je uplatiti 30 % ukupne &hellip;<\/p>\n<p class=\"read-more\"> <a class=\"\" href=\"https:\/\/villainsulamea.com\/hr\/odredbe-i-uvjeti\/\"> <span class=\"screen-reader-text\">Odredbe i uvjeti<\/span> Read More &raquo;<\/a><\/p>\n","protected":false},"author":1,"featured_media":0,"parent":0,"menu_order":0,"comment_status":"closed","ping_status":"closed","template":"","meta":{"_monsterinsights_skip_tracking":false,"_monsterinsights_sitenote_active":false,"_monsterinsights_sitenote_note":"","_monsterinsights_sitenote_category":0,"site-sidebar-layout":"no-sidebar","site-content-layout":"page-builder","ast-site-content-layout":"full-width-container","site-content-style":"default","site-sidebar-style":"default","ast-global-header-display":"","ast-banner-title-visibility":"","ast-main-header-display":"","ast-hfb-above-header-display":"","ast-hfb-below-header-display":"","ast-hfb-mobile-header-display":"","site-post-title":"disabled","ast-breadcrumbs-content":"","ast-featured-img":"disabled","footer-sml-layout":"","theme-transparent-header-meta":"","adv-header-id-meta":"","stick-header-meta":"","header-above-stick-meta":"","header-main-stick-meta":"","header-below-stick-meta":"","astra-migrate-meta-layouts":"set","footnotes":""},"_links":{"self":[{"href":"https:\/\/villainsulamea.com\/hr\/wp-json\/wp\/v2\/pages\/2098"}],"collection":[{"href":"https:\/\/villainsulamea.com\/hr\/wp-json\/wp\/v2\/pages"}],"about":[{"href":"https:\/\/villainsulamea.com\/hr\/wp-json\/wp\/v2\/types\/page"}],"author":[{"embeddable":true,"href":"https:\/\/villainsulamea.com\/hr\/wp-json\/wp\/v2\/users\/1"}],"replies":[{"embeddable":true,"href":"https:\/\/villainsulamea.com\/hr\/wp-json\/wp\/v2\/comments?post=2098"}],"version-history":[{"count":26,"href":"https:\/\/villainsulamea.com\/hr\/wp-json\/wp\/v2\/pages\/2098\/revisions"}],"predecessor-version":[{"id":2498,"href":"https:\/\/villainsulamea.com\/hr\/wp-json\/wp\/v2\/pages\/2098\/revisions\/2498"}],"wp:attachment":[{"href":"https:\/\/villainsulamea.com\/hr\/wp-json\/wp\/v2\/media?parent=2098"}],"curies":[{"name":"wp","href":"https:\/\/api.w.org\/{rel}","templated":true}]}}