{"id":2314,"date":"2024-03-05T12:44:44","date_gmt":"2024-03-05T11:44:44","guid":{"rendered":"https:\/\/villainsulamea.com\/chi-siamo\/"},"modified":"2024-04-04T15:58:46","modified_gmt":"2024-04-04T13:58:46","slug":"chi-siamo","status":"publish","type":"page","link":"https:\/\/villainsulamea.com\/it\/chi-siamo\/","title":{"rendered":"Chi siamo"},"content":{"rendered":"\t\t<div data-elementor-type=\"wp-page\" data-elementor-id=\"2314\" class=\"elementor elementor-2314 elementor-524\" data-elementor-post-type=\"page\">\n\t\t\t\t\t\t\t\t\t<section class=\"elementor-section elementor-top-section elementor-element elementor-element-89a0d53 elementor-section-boxed elementor-section-height-default elementor-section-height-default\" data-id=\"89a0d53\" data-element_type=\"section\" data-settings=\"{&quot;background_background&quot;:&quot;classic&quot;}\">\n\t\t\t\t\t\t<div class=\"elementor-container elementor-column-gap-default\">\n\t\t\t\t\t<div class=\"elementor-column elementor-col-100 elementor-top-column elementor-element elementor-element-45c78441\" data-id=\"45c78441\" data-element_type=\"column\" data-settings=\"{&quot;animation&quot;:&quot;none&quot;}\">\n\t\t\t<div class=\"elementor-widget-wrap elementor-element-populated\">\n\t\t\t\t\t\t\t\t<div class=\"elementor-element elementor-element-1333d5cd elementor-invisible elementor-widget elementor-widget-heading\" data-id=\"1333d5cd\" data-element_type=\"widget\" data-settings=\"{&quot;_animation&quot;:&quot;fadeInDown&quot;}\" data-widget_type=\"heading.default\">\n\t\t\t\t<div class=\"elementor-widget-container\">\n\t\t\t<div class=\"elementor-heading-title elementor-size-default\">Chi siamo<\/div>\t\t<\/div>\n\t\t\t\t<\/div>\n\t\t\t\t<div class=\"elementor-element elementor-element-220e50c5 elementor-invisible elementor-widget elementor-widget-heading\" data-id=\"220e50c5\" data-element_type=\"widget\" data-settings=\"{&quot;_animation&quot;:&quot;fadeInDown&quot;}\" data-widget_type=\"heading.default\">\n\t\t\t\t<div class=\"elementor-widget-container\">\n\t\t\t<h2 class=\"elementor-heading-title elementor-size-default\">La nostra storia<\/h2>\t\t<\/div>\n\t\t\t\t<\/div>\n\t\t\t\t<div class=\"elementor-element elementor-element-74fe0594 elementor-invisible elementor-widget elementor-widget-text-editor\" data-id=\"74fe0594\" data-element_type=\"widget\" data-settings=\"{&quot;_animation&quot;:&quot;fadeInDown&quot;,&quot;_animation_mobile&quot;:&quot;none&quot;}\" data-widget_type=\"text-editor.default\">\n\t\t\t\t<div class=\"elementor-widget-container\">\n\t\t\t\t\t\t\t<p>Insula Mea \u00e8 una magnifica villa che vanta oltre 200m2 di spazi interni e circa 600m2 \u00e8 la superficie dell&#8217;area esterna , elegante e lussuosa. Sul tetto della villa si estende un meraviglioso&nbsp; terrazzo con una vista spettacolare: il verde dei boschi, l\u2019azzurro del mare e le isole, avrete la sensazione di trovarvi in cima del mondo.<\/p>\n<p>E\u2019 questa visione che vi accompagner\u00e0 nei momenti spensierati trascorsi con la&nbsp; vostra famiglia o i&nbsp; vostri amici; rimarr\u00e0 per sempre parte dei vostri ricordi.<\/p>\n<p>Questa villa \u00e8 stata progettata architettonicamente con l\u2019intenzione di offrirvi lo spazio e la comodit\u00e0, tenendo bene a mente le esigenze di una famiglia, oppure un gruppo di amici , che vogliono trascorrere le loro vacanze senza rinunciare ad uno stile contemporaneo e raffinato.<\/p>\n<p>La villa si trova a Tkon, una tranquilla e piacevole localit\u00e0 dell&#8217;isola di Pasman, in una perfetta posizione strategica. Appena arrivati sul posto, vi sentirete subito in vacanza.<\/p><p><span style=\"font-style: inherit; font-weight: inherit; letter-spacing: 0.3px;\">Una delle migliori caratteristiche di questa struttura \u00e8 proprio la sua perfetta posizione, grazie alla quale avrete facilmente accesso a tutta una serie di servizi e attivit\u00e0, e tutto a portata di mano: la spiaggia di sabbia dista appena 50 m, ed il centro cittadino dove troverete ristoranti, caff\u00e8 bar e negozi \u00e8 situato ad appena 800 m di distanza.<\/span><\/p>\n<p>Ma il vero punto forte di questa villa consiste nella riservatezza che essa \u00e8 in grado di offrirvi: riuscirete ad avere la vostra tranquillit\u00e0, ma contemporaneamente vi permetter\u00e0, grazie al proprio design creativo, di sentire il contatto e la vicinanza dei vostri cari, tutto il tempo della&nbsp; vostra permanenza.<\/p>\n<p><\/p>\n<p>La posizione perfetta di questa villa \u00e8 tale da regalare un panorama spettacolare da ognuna delle quattro stanze da letto.<\/p>\n<p>L\u2019arredamento moderno di questa villa \u00e8 stato pensato con il desiderio che voi possiate rilassarvi completamente, e godere di ogni singolo momento&nbsp; durante la vostra vacanza.<\/p>\n<p>Questa villa \u00e8 semplicemente \u2026WOW!<\/p>\n<div id=\"highlighter--hover-tools\" style=\"display: none;\">\n<div id=\"highlighter--hover-tools--container\">\n<div class=\"highlighter--icon highlighter--icon-copy\" title=\"Copy\">&nbsp;<\/div>\n<div class=\"highlighter--icon highlighter--icon-change-color\" title=\"Change Color\">&nbsp;<\/div>\n<div class=\"highlighter--icon highlighter--icon-delete\" title=\"Delete\">&nbsp;<\/div>\n<\/div>\n<\/div>\n<div id=\"highlighter--hover-tools\" style=\"display: none;\">\n<div id=\"highlighter--hover-tools--container\">\n<div class=\"highlighter--icon highlighter--icon-copy\" title=\"Copy\">&nbsp;<\/div>\n<div class=\"highlighter--icon highlighter--icon-change-color\" title=\"Change Color\">&nbsp;<\/div>\n<div class=\"highlighter--icon highlighter--icon-delete\" title=\"Delete\">&nbsp;<\/div>\n<\/div>\n<\/div>\t\t\t\t\t\t<\/div>\n\t\t\t\t<\/div>\n\t\t\t\t<div class=\"elementor-element elementor-element-5acb483c e-grid-align-left elementor-shape-rounded elementor-grid-0 elementor-widget elementor-widget-social-icons\" data-id=\"5acb483c\" data-element_type=\"widget\" data-widget_type=\"social-icons.default\">\n\t\t\t\t<div class=\"elementor-widget-container\">\n\t\t\t\t\t<div class=\"elementor-social-icons-wrapper elementor-grid\">\n\t\t\t\t\t\t\t<span class=\"elementor-grid-item\">\n\t\t\t\t\t<a class=\"elementor-icon elementor-social-icon elementor-social-icon-facebook elementor-repeater-item-e1db761\" href=\"https:\/\/www.facebook.com\/insula.mea.2024\" target=\"_blank\" rel=\"noopener\">\n\t\t\t\t\t\t<span class=\"elementor-screen-only\">Facebook<\/span>\n\t\t\t\t\t\t<i class=\"fab fa-facebook\"><\/i>\t\t\t\t\t<\/a>\n\t\t\t\t<\/span>\n\t\t\t\t\t\t\t<span class=\"elementor-grid-item\">\n\t\t\t\t\t<a class=\"elementor-icon elementor-social-icon elementor-social-icon-instagram elementor-repeater-item-22ed8fe\" href=\"https:\/\/www.instagram.com\/ins23_06\/\" target=\"_blank\" rel=\"noopener\">\n\t\t\t\t\t\t<span class=\"elementor-screen-only\">Instagram<\/span>\n\t\t\t\t\t\t<i class=\"fab fa-instagram\"><\/i>\t\t\t\t\t<\/a>\n\t\t\t\t<\/span>\n\t\t\t\t\t<\/div>\n\t\t\t\t<\/div>\n\t\t\t\t<\/div>\n\t\t\t\t\t<\/div>\n\t\t<\/div>\n\t\t\t\t\t\t\t<\/div>\n\t\t<\/section>\n\t\t\t\t<section class=\"elementor-section elementor-top-section elementor-element elementor-element-7f2b0a6a elementor-section-full_width elementor-section-height-default elementor-section-height-default\" data-id=\"7f2b0a6a\" data-element_type=\"section\" data-settings=\"{&quot;background_background&quot;:&quot;classic&quot;,&quot;background_motion_fx_motion_fx_scrolling&quot;:&quot;yes&quot;,&quot;background_motion_fx_translateY_effect&quot;:&quot;yes&quot;,&quot;background_motion_fx_translateY_speed&quot;:{&quot;unit&quot;:&quot;px&quot;,&quot;size&quot;:&quot;8&quot;,&quot;sizes&quot;:[]},&quot;background_motion_fx_range&quot;:&quot;page&quot;,&quot;background_motion_fx_translateY_affectedRange&quot;:{&quot;unit&quot;:&quot;%&quot;,&quot;size&quot;:&quot;&quot;,&quot;sizes&quot;:{&quot;start&quot;:0,&quot;end&quot;:100}},&quot;background_motion_fx_devices&quot;:[&quot;desktop&quot;,&quot;tablet&quot;,&quot;mobile&quot;]}\">\n\t\t\t\t\t\t\t<div class=\"elementor-background-overlay\"><\/div>\n\t\t\t\t\t\t\t<div class=\"elementor-container elementor-column-gap-default\">\n\t\t\t\t\t<div class=\"elementor-column elementor-col-25 elementor-top-column elementor-element elementor-element-2434a1c3\" data-id=\"2434a1c3\" data-element_type=\"column\">\n\t\t\t<div class=\"elementor-widget-wrap elementor-element-populated\">\n\t\t\t\t\t\t\t\t<div class=\"elementor-element elementor-element-53dfdf88 elementor-cta--skin-cover elementor-cta--valign-top elementor-animated-content elementor-bg-transform elementor-bg-transform-zoom-in elementor-widget elementor-widget-call-to-action\" data-id=\"53dfdf88\" data-element_type=\"widget\" data-widget_type=\"call-to-action.default\">\n\t\t\t\t<div class=\"elementor-widget-container\">\n\t\t\t\t\t<div class=\"elementor-cta\">\n\t\t\t\t\t<div class=\"elementor-cta__bg-wrapper\">\n\t\t\t\t<div class=\"elementor-cta__bg elementor-bg\" style=\"background-image: url(https:\/\/villainsulamea.com\/wp-content\/uploads\/2024\/03\/0298-1024x683.jpg);\" role=\"img\" aria-label=\"0298\"><\/div>\n\t\t\t\t<div class=\"elementor-cta__bg-overlay\"><\/div>\n\t\t\t<\/div>\n\t\t\t\t\t\t\t<div class=\"elementor-cta__content\">\n\t\t\t\t\n\t\t\t\t\t\t\t\t\t<h3 class=\"elementor-cta__title elementor-cta__content-item elementor-content-item elementor-animated-item--enter-from-top\">\n\t\t\t\t\t\t \t\t\t\t\t<\/h3>\n\t\t\t\t\n\t\t\t\t\n\t\t\t\t\t\t\t<\/div>\n\t\t\t\t\t\t<\/div>\n\t\t\t\t<\/div>\n\t\t\t\t<\/div>\n\t\t\t\t\t<\/div>\n\t\t<\/div>\n\t\t\t\t<div class=\"elementor-column elementor-col-25 elementor-top-column elementor-element elementor-element-212ac660\" data-id=\"212ac660\" data-element_type=\"column\">\n\t\t\t<div class=\"elementor-widget-wrap elementor-element-populated\">\n\t\t\t\t\t\t\t\t<div class=\"elementor-element elementor-element-639c5783 elementor-cta--skin-cover elementor-cta--valign-top elementor-animated-content elementor-bg-transform elementor-bg-transform-zoom-in elementor-widget elementor-widget-call-to-action\" data-id=\"639c5783\" data-element_type=\"widget\" data-widget_type=\"call-to-action.default\">\n\t\t\t\t<div class=\"elementor-widget-container\">\n\t\t\t\t\t<div class=\"elementor-cta\">\n\t\t\t\t\t<div class=\"elementor-cta__bg-wrapper\">\n\t\t\t\t<div class=\"elementor-cta__bg elementor-bg\" style=\"background-image: url(https:\/\/villainsulamea.com\/wp-content\/uploads\/2024\/03\/0301-1-1024x683.jpg);\" role=\"img\" aria-label=\"0301\"><\/div>\n\t\t\t\t<div class=\"elementor-cta__bg-overlay\"><\/div>\n\t\t\t<\/div>\n\t\t\t\t\t\t\t<div class=\"elementor-cta__content\">\n\t\t\t\t\n\t\t\t\t\t\t\t\t\t<h3 class=\"elementor-cta__title elementor-cta__content-item elementor-content-item elementor-animated-item--enter-from-top\">\n\t\t\t\t\t\t \t\t\t\t\t<\/h3>\n\t\t\t\t\n\t\t\t\t\n\t\t\t\t\t\t\t<\/div>\n\t\t\t\t\t\t<\/div>\n\t\t\t\t<\/div>\n\t\t\t\t<\/div>\n\t\t\t\t\t<\/div>\n\t\t<\/div>\n\t\t\t\t<div class=\"elementor-column elementor-col-25 elementor-top-column elementor-element elementor-element-ba40790\" data-id=\"ba40790\" data-element_type=\"column\">\n\t\t\t<div class=\"elementor-widget-wrap elementor-element-populated\">\n\t\t\t\t\t\t\t\t<div class=\"elementor-element elementor-element-1a5d2827 elementor-cta--skin-cover elementor-cta--valign-top elementor-animated-content elementor-bg-transform elementor-bg-transform-zoom-in elementor-widget elementor-widget-call-to-action\" data-id=\"1a5d2827\" data-element_type=\"widget\" data-widget_type=\"call-to-action.default\">\n\t\t\t\t<div class=\"elementor-widget-container\">\n\t\t\t\t\t<div class=\"elementor-cta\">\n\t\t\t\t\t<div class=\"elementor-cta__bg-wrapper\">\n\t\t\t\t<div class=\"elementor-cta__bg elementor-bg\" style=\"background-image: url(https:\/\/villainsulamea.com\/wp-content\/uploads\/2024\/03\/0394-1-1024x683.jpg);\" role=\"img\" aria-label=\"0394\"><\/div>\n\t\t\t\t<div class=\"elementor-cta__bg-overlay\"><\/div>\n\t\t\t<\/div>\n\t\t\t\t\t\t\t<div class=\"elementor-cta__content\">\n\t\t\t\t\n\t\t\t\t\t\t\t\t\t<h3 class=\"elementor-cta__title elementor-cta__content-item elementor-content-item elementor-animated-item--enter-from-top\">\n\t\t\t\t\t\t \t\t\t\t\t<\/h3>\n\t\t\t\t\n\t\t\t\t\n\t\t\t\t\t\t\t<\/div>\n\t\t\t\t\t\t<\/div>\n\t\t\t\t<\/div>\n\t\t\t\t<\/div>\n\t\t\t\t\t<\/div>\n\t\t<\/div>\n\t\t\t\t<div class=\"elementor-column elementor-col-25 elementor-top-column elementor-element elementor-element-5e7fc918\" data-id=\"5e7fc918\" data-element_type=\"column\">\n\t\t\t<div class=\"elementor-widget-wrap elementor-element-populated\">\n\t\t\t\t\t\t\t\t<div class=\"elementor-element elementor-element-4fffa008 elementor-cta--skin-cover elementor-cta--valign-top elementor-animated-content elementor-bg-transform elementor-bg-transform-zoom-in elementor-widget elementor-widget-call-to-action\" data-id=\"4fffa008\" data-element_type=\"widget\" data-widget_type=\"call-to-action.default\">\n\t\t\t\t<div class=\"elementor-widget-container\">\n\t\t\t\t\t<div class=\"elementor-cta\">\n\t\t\t\t\t<div class=\"elementor-cta__bg-wrapper\">\n\t\t\t\t<div class=\"elementor-cta__bg elementor-bg\" style=\"background-image: url(https:\/\/villainsulamea.com\/wp-content\/uploads\/2024\/03\/0409-1-1024x683.jpg);\" role=\"img\" aria-label=\"0409\"><\/div>\n\t\t\t\t<div class=\"elementor-cta__bg-overlay\"><\/div>\n\t\t\t<\/div>\n\t\t\t\t\t\t\t<div class=\"elementor-cta__content\">\n\t\t\t\t\n\t\t\t\t\t\t\t\t\t<h3 class=\"elementor-cta__title elementor-cta__content-item elementor-content-item elementor-animated-item--enter-from-top\">\n\t\t\t\t\t\t \t\t\t\t\t<\/h3>\n\t\t\t\t\n\t\t\t\t\n\t\t\t\t\t\t\t<\/div>\n\t\t\t\t\t\t<\/div>\n\t\t\t\t<\/div>\n\t\t\t\t<\/div>\n\t\t\t\t\t<\/div>\n\t\t<\/div>\n\t\t\t\t\t\t\t<\/div>\n\t\t<\/section>\n\t\t\t\t\t\t\t<\/div>\n\t\t","protected":false},"excerpt":{"rendered":"<p>Chi siamo La nostra storia Insula Mea \u00e8 una magnifica villa che vanta oltre 200m2 di spazi interni e circa 600m2 \u00e8 la superficie dell&#8217;area esterna , elegante e lussuosa. Sul tetto della villa si estende un meraviglioso&nbsp; terrazzo con una vista spettacolare: il verde dei boschi, l\u2019azzurro del mare e le isole, avrete la &hellip;<\/p>\n<p class=\"read-more\"> <a class=\"\" href=\"https:\/\/villainsulamea.com\/it\/chi-siamo\/\"> <span class=\"screen-reader-text\">Chi siamo<\/span> Leggi altro &raquo;<\/a><\/p>\n","protected":false},"author":1,"featured_media":0,"parent":0,"menu_order":0,"comment_status":"closed","ping_status":"closed","template":"","meta":{"_monsterinsights_skip_tracking":false,"_monsterinsights_sitenote_active":false,"_monsterinsights_sitenote_note":"","_monsterinsights_sitenote_category":0,"site-sidebar-layout":"no-sidebar","site-content-layout":"page-builder","ast-site-content-layout":"full-width-container","site-content-style":"default","site-sidebar-style":"default","ast-global-header-display":"","ast-banner-title-visibility":"","ast-main-header-display":"","ast-hfb-above-header-display":"","ast-hfb-below-header-display":"","ast-hfb-mobile-header-display":"","site-post-title":"disabled","ast-breadcrumbs-content":"","ast-featured-img":"disabled","footer-sml-layout":"","theme-transparent-header-meta":"","adv-header-id-meta":"","stick-header-meta":"","header-above-stick-meta":"","header-main-stick-meta":"","header-below-stick-meta":"","astra-migrate-meta-layouts":"","footnotes":""},"_links":{"self":[{"href":"https:\/\/villainsulamea.com\/it\/wp-json\/wp\/v2\/pages\/2314"}],"collection":[{"href":"https:\/\/villainsulamea.com\/it\/wp-json\/wp\/v2\/pages"}],"about":[{"href":"https:\/\/villainsulamea.com\/it\/wp-json\/wp\/v2\/types\/page"}],"author":[{"embeddable":true,"href":"https:\/\/villainsulamea.com\/it\/wp-json\/wp\/v2\/users\/1"}],"replies":[{"embeddable":true,"href":"https:\/\/villainsulamea.com\/it\/wp-json\/wp\/v2\/comments?post=2314"}],"version-history":[{"count":7,"href":"https:\/\/villainsulamea.com\/it\/wp-json\/wp\/v2\/pages\/2314\/revisions"}],"predecessor-version":[{"id":2335,"href":"https:\/\/villainsulamea.com\/it\/wp-json\/wp\/v2\/pages\/2314\/revisions\/2335"}],"wp:attachment":[{"href":"https:\/\/villainsulamea.com\/it\/wp-json\/wp\/v2\/media?parent=2314"}],"curies":[{"name":"wp","href":"https:\/\/api.w.org\/{rel}","templated":true}]}}