{"id":2322,"date":"2024-03-13T16:09:44","date_gmt":"2024-03-13T15:09:44","guid":{"rendered":"https:\/\/villainsulamea.com\/posizione\/"},"modified":"2024-04-04T16:01:13","modified_gmt":"2024-04-04T14:01:13","slug":"posizione","status":"publish","type":"page","link":"https:\/\/villainsulamea.com\/it\/posizione\/","title":{"rendered":"Posizione"},"content":{"rendered":"\t\t<div data-elementor-type=\"wp-page\" data-elementor-id=\"2322\" class=\"elementor elementor-2322 elementor-710\" data-elementor-post-type=\"page\">\n\t\t\t\t\t\t\t\t\t<section class=\"elementor-section elementor-top-section elementor-element elementor-element-89a0d53 elementor-section-boxed elementor-section-height-default elementor-section-height-default\" data-id=\"89a0d53\" data-element_type=\"section\" data-settings=\"{&quot;background_background&quot;:&quot;classic&quot;}\">\n\t\t\t\t\t\t<div class=\"elementor-container elementor-column-gap-default\">\n\t\t\t\t\t<div class=\"elementor-column elementor-col-50 elementor-top-column elementor-element elementor-element-45c78441\" data-id=\"45c78441\" data-element_type=\"column\" data-settings=\"{&quot;animation&quot;:&quot;none&quot;}\">\n\t\t\t<div class=\"elementor-widget-wrap elementor-element-populated\">\n\t\t\t\t\t\t\t\t<div class=\"elementor-element elementor-element-682baf97 elementor-invisible elementor-widget elementor-widget-heading\" data-id=\"682baf97\" data-element_type=\"widget\" data-settings=\"{&quot;_animation&quot;:&quot;fadeInDown&quot;}\" data-widget_type=\"heading.default\">\n\t\t\t\t<div class=\"elementor-widget-container\">\n\t\t\t<h2 class=\"elementor-heading-title elementor-size-default\">Posizione<\/h2>\t\t<\/div>\n\t\t\t\t<\/div>\n\t\t\t\t<div class=\"elementor-element elementor-element-74fe0594 elementor-invisible elementor-widget elementor-widget-text-editor\" data-id=\"74fe0594\" data-element_type=\"widget\" data-settings=\"{&quot;_animation&quot;:&quot;fadeInDown&quot;,&quot;_animation_mobile&quot;:&quot;none&quot;}\" data-widget_type=\"text-editor.default\">\n\t\t\t\t<div class=\"elementor-widget-container\">\n\t\t\t\t\t\t\t<div>La cittadina di Tkon si trova sull&#8217;isola di Pasman, una piccola isola dalmata nel cuore dell&#8217;Adriatico, che ha conservato nel tempo tutta la sua tradizione e il suo fascino. Dista dalla terraferma appena pochi chilometri. E\u2019 facilmente raggiungibile con il traghetto che parte da Biograd, oppure Zara: le linee sono Biograd -Tkon, e Zara-Preko; potete anche arrivare percorrendo l\u2019isola di Ugljan che \u00e8 unita alla terraferma da un ponte. La vista dalla costa \u00e8 indimenticabile, numerose isole (Kornati) e isolette (Galesnjak- l\u2019isola del amore) conservano ancora i segreti di una natura incontaminata. Questa \u00e8 la sua ricchezza maggiore: un mare pulito, spiagge sabbiose, la natura intatta, oltre ad una ricca storia. Questa isola \u00e8 famosa perch\u00e9 da luogo ad un importante evento internazionale di \u201cskraping\u201d: \u00e8 uno sport estremo simile al trekking e si svolge sulle rocce ripide e appuntite della costiera; ogni anno nel mese di marzo, gli amanti di questo sport si danno appuntamento per competere. Ma anche appassionati di ciclismo, corsa, surfing, windsurf, immersione, trovano il proprio paradiso su quest&#8217;isola.<\/div><div id=\"highlighter--hover-tools\" style=\"display: none;\"><div id=\"highlighter--hover-tools--container\"><div class=\"highlighter--icon highlighter--icon-copy\" title=\"Copy\">\u00a0<\/div><div class=\"highlighter--icon highlighter--icon-change-color\" title=\"Change Color\">\u00a0<\/div><div class=\"highlighter--icon highlighter--icon-delete\" title=\"Delete\">\u00a0<\/div><\/div><\/div><div id=\"highlighter--hover-tools\" style=\"display: none;\"><div id=\"highlighter--hover-tools--container\"><div class=\"highlighter--icon highlighter--icon-copy\" title=\"Copy\">\u00a0<\/div><div class=\"highlighter--icon highlighter--icon-change-color\" title=\"Change Color\">\u00a0<\/div><div class=\"highlighter--icon highlighter--icon-delete\" title=\"Delete\">\u00a0<\/div><\/div><\/div><div id=\"highlighter--hover-tools\" style=\"display: none;\"><div id=\"highlighter--hover-tools--container\"><div class=\"highlighter--icon highlighter--icon-copy\" title=\"Copy\">\u00a0<\/div><div class=\"highlighter--icon highlighter--icon-change-color\" title=\"Change Color\">\u00a0<\/div><div class=\"highlighter--icon highlighter--icon-delete\" title=\"Delete\">\u00a0<\/div><\/div><\/div>\t\t\t\t\t\t<\/div>\n\t\t\t\t<\/div>\n\t\t\t\t\t<\/div>\n\t\t<\/div>\n\t\t\t\t<div class=\"elementor-column elementor-col-50 elementor-top-column elementor-element elementor-element-a6433fd\" data-id=\"a6433fd\" data-element_type=\"column\">\n\t\t\t<div class=\"elementor-widget-wrap elementor-element-populated\">\n\t\t\t\t\t\t\t\t<div class=\"elementor-element elementor-element-a349520 elementor-widget elementor-widget-image\" data-id=\"a349520\" data-element_type=\"widget\" data-widget_type=\"image.default\">\n\t\t\t\t<div class=\"elementor-widget-container\">\n\t\t\t\t\t\t\t\t\t\t\t\t\t\t\t<img loading=\"lazy\" decoding=\"async\" width=\"900\" height=\"572\" src=\"https:\/\/villainsulamea.com\/wp-content\/uploads\/2024\/03\/tkon.jpg\" class=\"attachment-large size-large wp-image-955\" alt=\"\" srcset=\"https:\/\/villainsulamea.com\/wp-content\/uploads\/2024\/03\/tkon.jpg 900w, https:\/\/villainsulamea.com\/wp-content\/uploads\/2024\/03\/tkon-300x191.jpg 300w, https:\/\/villainsulamea.com\/wp-content\/uploads\/2024\/03\/tkon-768x488.jpg 768w\" sizes=\"(max-width: 900px) 100vw, 900px\" \/>\t\t\t\t\t\t\t\t\t\t\t\t\t\t\t<\/div>\n\t\t\t\t<\/div>\n\t\t\t\t\t<\/div>\n\t\t<\/div>\n\t\t\t\t\t\t\t<\/div>\n\t\t<\/section>\n\t\t\t\t<section class=\"elementor-section elementor-top-section elementor-element elementor-element-32fca1f elementor-reverse-mobile elementor-section-boxed elementor-section-height-default elementor-section-height-default\" data-id=\"32fca1f\" data-element_type=\"section\" data-settings=\"{&quot;background_background&quot;:&quot;classic&quot;}\">\n\t\t\t\t\t\t<div class=\"elementor-container elementor-column-gap-default\">\n\t\t\t\t\t<div class=\"elementor-column elementor-col-50 elementor-top-column elementor-element elementor-element-b32af1d\" data-id=\"b32af1d\" data-element_type=\"column\">\n\t\t\t<div class=\"elementor-widget-wrap elementor-element-populated\">\n\t\t\t\t\t\t\t\t<div class=\"elementor-element elementor-element-8262424 elementor-widget elementor-widget-image\" data-id=\"8262424\" data-element_type=\"widget\" data-widget_type=\"image.default\">\n\t\t\t\t<div class=\"elementor-widget-container\">\n\t\t\t\t\t\t\t\t\t\t\t\t\t\t\t<img loading=\"lazy\" decoding=\"async\" width=\"1024\" height=\"576\" src=\"https:\/\/villainsulamea.com\/wp-content\/uploads\/2024\/03\/Kornati-1-3-1024x576.jpg.webp\" class=\"attachment-large size-large wp-image-954\" alt=\"\" srcset=\"https:\/\/villainsulamea.com\/wp-content\/uploads\/2024\/03\/Kornati-1-3-1024x576.jpg.webp 1024w, https:\/\/villainsulamea.com\/wp-content\/uploads\/2024\/03\/Kornati-1-3-1024x576.jpg-300x169.webp 300w, https:\/\/villainsulamea.com\/wp-content\/uploads\/2024\/03\/Kornati-1-3-1024x576.jpg-768x432.webp 768w\" sizes=\"(max-width: 1024px) 100vw, 1024px\" \/>\t\t\t\t\t\t\t\t\t\t\t\t\t\t\t<\/div>\n\t\t\t\t<\/div>\n\t\t\t\t\t<\/div>\n\t\t<\/div>\n\t\t\t\t<div class=\"elementor-column elementor-col-50 elementor-top-column elementor-element elementor-element-4ae4842\" data-id=\"4ae4842\" data-element_type=\"column\" data-settings=\"{&quot;animation&quot;:&quot;none&quot;}\">\n\t\t\t<div class=\"elementor-widget-wrap elementor-element-populated\">\n\t\t\t\t\t\t\t\t<div class=\"elementor-element elementor-element-17b864d elementor-invisible elementor-widget elementor-widget-text-editor\" data-id=\"17b864d\" data-element_type=\"widget\" data-settings=\"{&quot;_animation&quot;:&quot;fadeInDown&quot;,&quot;_animation_mobile&quot;:&quot;none&quot;}\" data-widget_type=\"text-editor.default\">\n\t\t\t\t<div class=\"elementor-widget-container\">\n\t\t\t\t\t\t\t<div>Tkon \u00e8 anche in prossimit\u00e0 delle citt\u00e0 come Zara, Biograd, Sibenik, Spalato e del Parco nazionale dei Laghi di Plitvice, Parco Nazionale di Paklenica, Parco Nazionale di Krka, Parco nazionale di Kornati, Parco Naturale del Lago di Vrana. E\u2019 nelle vicinanze dell&#8217;autostrada A1 che collega Zagabria a Dubrovnik, degli aeroporti di Zara (3o km) e Spalto (80 km).\u00a0<br \/><br \/>Durante la vostra permanenza potrete tranquillamente dedicarvi all&#8217;esplorazione dell&#8217;isola scoprendo le zone limitrofe, percorrendola a piedi, in bicicletta, in macchina oppure in barca. In prossimit\u00e0 del vostro alloggio ci sono diversi punti di attrazione, i parchi nazionali e molto altro ancora. Cogliete le vibrazioni di questo posto, immergetevi nell&#8217;acqua limpida, gioite di buon cibo, lasciatevi trasportare dalla magia dell\u2019inesplorato , ballate fino all&#8217;alba; Insula Mea vi far\u00e0 scoprire un mondo unico, tutto suo.\u00a0<br \/><br \/><\/div><div>Siamo sicuri che nella nostra villa voi possiate vivere assieme ai vostri cari dei momenti preziosissimi. Saremo lieti di aiutarvi durante la vostra permanenza affinch\u00e9 diventi un&#8217;esperienza per voi indimenticabile.<\/div><div id=\"highlighter--hover-tools\" style=\"display: none;\"><div id=\"highlighter--hover-tools--container\"><div class=\"highlighter--icon highlighter--icon-copy\" title=\"Copy\">\u00a0<\/div><div class=\"highlighter--icon highlighter--icon-change-color\" title=\"Change Color\">\u00a0<\/div><div class=\"highlighter--icon highlighter--icon-delete\" title=\"Delete\">\u00a0<\/div><\/div><\/div><div id=\"highlighter--hover-tools\" style=\"display: none;\"><div id=\"highlighter--hover-tools--container\"><div class=\"highlighter--icon highlighter--icon-copy\" title=\"Copy\">\u00a0<\/div><div class=\"highlighter--icon highlighter--icon-change-color\" title=\"Change Color\">\u00a0<\/div><div class=\"highlighter--icon highlighter--icon-delete\" title=\"Delete\">\u00a0<\/div><\/div><\/div><div id=\"highlighter--hover-tools\" style=\"display: none;\"><div id=\"highlighter--hover-tools--container\"><div class=\"highlighter--icon highlighter--icon-copy\" title=\"Copy\">\u00a0<\/div><div class=\"highlighter--icon highlighter--icon-change-color\" title=\"Change Color\">\u00a0<\/div><div class=\"highlighter--icon highlighter--icon-delete\" title=\"Delete\">\u00a0<\/div><\/div><\/div><div id=\"highlighter--hover-tools\" style=\"display: none;\"><div id=\"highlighter--hover-tools--container\"><div class=\"highlighter--icon highlighter--icon-copy\" title=\"Copy\">\u00a0<\/div><div class=\"highlighter--icon highlighter--icon-change-color\" title=\"Change Color\">\u00a0<\/div><div class=\"highlighter--icon highlighter--icon-delete\" title=\"Delete\">\u00a0<\/div><\/div><\/div>\t\t\t\t\t\t<\/div>\n\t\t\t\t<\/div>\n\t\t\t\t\t<\/div>\n\t\t<\/div>\n\t\t\t\t\t\t\t<\/div>\n\t\t<\/section>\n\t\t\t\t<section class=\"elementor-section elementor-top-section elementor-element elementor-element-6df77fc elementor-section-boxed elementor-section-height-default elementor-section-height-default\" data-id=\"6df77fc\" data-element_type=\"section\" data-settings=\"{&quot;background_background&quot;:&quot;classic&quot;}\">\n\t\t\t\t\t\t<div class=\"elementor-container elementor-column-gap-default\">\n\t\t\t\t\t<div class=\"elementor-column elementor-col-50 elementor-top-column elementor-element elementor-element-5a98069\" data-id=\"5a98069\" data-element_type=\"column\" data-settings=\"{&quot;animation&quot;:&quot;none&quot;}\">\n\t\t\t<div class=\"elementor-widget-wrap elementor-element-populated\">\n\t\t\t\t\t\t\t\t<div class=\"elementor-element elementor-element-c56e9f3 elementor-invisible elementor-widget elementor-widget-text-editor\" data-id=\"c56e9f3\" data-element_type=\"widget\" data-settings=\"{&quot;_animation&quot;:&quot;fadeInDown&quot;,&quot;_animation_mobile&quot;:&quot;none&quot;}\" data-widget_type=\"text-editor.default\">\n\t\t\t\t<div class=\"elementor-widget-container\">\n\t\t\t\t\t\t\tIl nostro \u00e8 un invito che anche voi possiate innamorare di questo angolo di mondo e dei\n\nsuoi doni preziosi, del suo clima piacevole, dell\u2019aria del mare, e dello spettacolare panorama sul mare e sulle isole.\n\nCi auguriamo che il ritmo della vostra vita diventi proprio come il nostro, che si basa sul prendersi cura dei momenti importanti e di tutto ci\u00f2 che nella vita \u00e8 fondamentale: la famiglia, ottime amicizie e stare insieme in allegria.\n\nPer noi i nostri ospiti non saranno dei semplici turisti, ma ascoltando le loro necessit\u00e0, realizzeremo la loro vacanza dei sogni. Ed una nuova avventura avr\u00e0 inizio proprio qui.\n\nPerci\u00f2 organizzatevi e venite a scoprirlo di persona!  Tutti in Croazia\t\t\t\t\t\t<\/div>\n\t\t\t\t<\/div>\n\t\t\t\t\t<\/div>\n\t\t<\/div>\n\t\t\t\t<div class=\"elementor-column elementor-col-50 elementor-top-column elementor-element elementor-element-1528790\" data-id=\"1528790\" data-element_type=\"column\">\n\t\t\t<div class=\"elementor-widget-wrap elementor-element-populated\">\n\t\t\t\t\t\t\t\t<div class=\"elementor-element elementor-element-020336f elementor-widget elementor-widget-image\" data-id=\"020336f\" data-element_type=\"widget\" data-widget_type=\"image.default\">\n\t\t\t\t<div class=\"elementor-widget-container\">\n\t\t\t\t\t\t\t\t\t\t\t\t\t\t\t<img loading=\"lazy\" decoding=\"async\" width=\"1024\" height=\"683\" src=\"https:\/\/villainsulamea.com\/wp-content\/uploads\/2024\/03\/tkon_uvala-zaklopica-1024x683.jpg\" class=\"attachment-large size-large wp-image-956\" alt=\"\" srcset=\"https:\/\/villainsulamea.com\/wp-content\/uploads\/2024\/03\/tkon_uvala-zaklopica-1024x683.jpg 1024w, https:\/\/villainsulamea.com\/wp-content\/uploads\/2024\/03\/tkon_uvala-zaklopica-300x200.jpg 300w, https:\/\/villainsulamea.com\/wp-content\/uploads\/2024\/03\/tkon_uvala-zaklopica-768x512.jpg 768w, https:\/\/villainsulamea.com\/wp-content\/uploads\/2024\/03\/tkon_uvala-zaklopica-1536x1024.jpg 1536w, https:\/\/villainsulamea.com\/wp-content\/uploads\/2024\/03\/tkon_uvala-zaklopica.jpg 1600w\" sizes=\"(max-width: 1024px) 100vw, 1024px\" \/>\t\t\t\t\t\t\t\t\t\t\t\t\t\t\t<\/div>\n\t\t\t\t<\/div>\n\t\t\t\t\t<\/div>\n\t\t<\/div>\n\t\t\t\t\t\t\t<\/div>\n\t\t<\/section>\n\t\t\t\t\t\t\t<\/div>\n\t\t","protected":false},"excerpt":{"rendered":"<p>La cittadina di Tkon si trova sull&#8217;isola di Pasman, una piccola isola dalmata nel cuore dell&#8217;Adriatico, che ha conservato nel tempo tutta la sua tradizione e il suo fascino. Dista dalla terraferma appena pochi chilometri. E\u2019 facilmente raggiungibile con il traghetto che parte da Biograd, oppure Zara: le linee sono Biograd -Tkon, e Zara-Preko; potete &hellip;<\/p>\n<p class=\"read-more\"> <a class=\"\" href=\"https:\/\/villainsulamea.com\/it\/posizione\/\"> <span class=\"screen-reader-text\">Posizione<\/span> Leggi altro &raquo;<\/a><\/p>\n","protected":false},"author":1,"featured_media":0,"parent":0,"menu_order":0,"comment_status":"closed","ping_status":"closed","template":"","meta":{"_monsterinsights_skip_tracking":false,"_monsterinsights_sitenote_active":false,"_monsterinsights_sitenote_note":"","_monsterinsights_sitenote_category":0,"site-sidebar-layout":"no-sidebar","site-content-layout":"page-builder","ast-site-content-layout":"full-width-container","site-content-style":"default","site-sidebar-style":"default","ast-global-header-display":"","ast-banner-title-visibility":"","ast-main-header-display":"","ast-hfb-above-header-display":"","ast-hfb-below-header-display":"","ast-hfb-mobile-header-display":"","site-post-title":"disabled","ast-breadcrumbs-content":"","ast-featured-img":"disabled","footer-sml-layout":"","theme-transparent-header-meta":"","adv-header-id-meta":"","stick-header-meta":"","header-above-stick-meta":"","header-main-stick-meta":"","header-below-stick-meta":"","astra-migrate-meta-layouts":"","footnotes":""},"_links":{"self":[{"href":"https:\/\/villainsulamea.com\/it\/wp-json\/wp\/v2\/pages\/2322"}],"collection":[{"href":"https:\/\/villainsulamea.com\/it\/wp-json\/wp\/v2\/pages"}],"about":[{"href":"https:\/\/villainsulamea.com\/it\/wp-json\/wp\/v2\/types\/page"}],"author":[{"embeddable":true,"href":"https:\/\/villainsulamea.com\/it\/wp-json\/wp\/v2\/users\/1"}],"replies":[{"embeddable":true,"href":"https:\/\/villainsulamea.com\/it\/wp-json\/wp\/v2\/comments?post=2322"}],"version-history":[{"count":4,"href":"https:\/\/villainsulamea.com\/it\/wp-json\/wp\/v2\/pages\/2322\/revisions"}],"predecessor-version":[{"id":2341,"href":"https:\/\/villainsulamea.com\/it\/wp-json\/wp\/v2\/pages\/2322\/revisions\/2341"}],"wp:attachment":[{"href":"https:\/\/villainsulamea.com\/it\/wp-json\/wp\/v2\/media?parent=2322"}],"curies":[{"name":"wp","href":"https:\/\/api.w.org\/{rel}","templated":true}]}}