{"id":2324,"date":"2021-12-31T02:28:24","date_gmt":"2021-12-31T01:28:24","guid":{"rendered":"https:\/\/villainsulamea.com\/informativa-sulla-privacy\/"},"modified":"2024-04-04T16:20:48","modified_gmt":"2024-04-04T14:20:48","slug":"informativa-sulla-privacy","status":"publish","type":"page","link":"https:\/\/villainsulamea.com\/it\/informativa-sulla-privacy\/","title":{"rendered":"Informativa sulla privacy"},"content":{"rendered":"\t\t<div data-elementor-type=\"wp-page\" data-elementor-id=\"2324\" class=\"elementor elementor-2324 elementor-78\" data-elementor-post-type=\"page\">\n\t\t\t\t\t\t\t\t\t<section class=\"elementor-section elementor-top-section elementor-element elementor-element-8c27da1 elementor-section-boxed elementor-section-height-default elementor-section-height-default\" data-id=\"8c27da1\" data-element_type=\"section\">\n\t\t\t\t\t\t<div class=\"elementor-container elementor-column-gap-default\">\n\t\t\t\t\t<div class=\"elementor-column elementor-col-100 elementor-top-column elementor-element elementor-element-2775809\" data-id=\"2775809\" data-element_type=\"column\">\n\t\t\t<div class=\"elementor-widget-wrap elementor-element-populated\">\n\t\t\t\t\t\t\t\t<div class=\"elementor-element elementor-element-20b53a6 elementor-widget elementor-widget-text-editor\" data-id=\"20b53a6\" data-element_type=\"widget\" data-widget_type=\"text-editor.default\">\n\t\t\t\t<div class=\"elementor-widget-container\">\n\t\t\t\t\t\t\t<div>\n<div>\n<div>\n<div>\n<div><span lang=\"it\">Villa INSULA MEA, Svastinj 7, 23212 Tkon<\/span><\/div>\n<div>&nbsp;<\/div>\n<div>&nbsp;<\/div>\n<div>&nbsp;<\/div>\n<div><span lang=\"it\">Nell&#8217;ambito della nostra attivit\u00e0 raccogliamo e trattiamo i dati personali forniti dai clienti.&nbsp;Poich\u00e9 la protezione della tua privacy \u00e8 una priorit\u00e0 per noi, abbiamo adottato la seguente Informativa sulla privacy.<\/span><\/div>\n<div>&nbsp;<\/div>\n<div>&nbsp;<\/div>\n<div><span lang=\"it\">Villa INSULA MEA aderisce ai seguenti principi al fine di proteggere la tua privacy:<\/span><\/div>\n<div>&nbsp;<\/div>\n<div><span lang=\"it\">\u2022 Non raccogliamo pi\u00f9 informazioni del necessario;<\/span><\/div>\n<div>&nbsp;<\/div>\n<div><span lang=\"it\">\u2022 Non utilizziamo i tuoi dati per scopi diversi da quelli specificati;<\/span><\/div>\n<div>&nbsp;<\/div>\n<div><span lang=\"it\">\u2022 Non conserviamo i tuoi dati se non sono pi\u00f9 necessari;<\/span><\/div>\n<div>&nbsp;<\/div>\n<div><span lang=\"it\">\u2022 Non vendiamo, prestiamo, distribuiamo o pubblichiamo pubblicamente le tue informazioni personali;<\/span><\/div>\n<div>&nbsp;<\/div>\n<div><span lang=\"it\">\u2022 Non inviamo i tuoi dati a terzi;<\/span><\/div>\n<div>&nbsp;<\/div>\n<div><span lang=\"it\">\u2022 Non utilizziamo alcun trattamento e processo decisionale automatizzato o di profilazione;<\/span><\/div>\n<div>&nbsp;<\/div>\n<div><span lang=\"it\">\u2022 Non trasferiamo i tuoi dati personali verso un paese terzo o un&#8217;organizzazione internazionale;<\/span><\/div>\n<div>&nbsp;<\/div>\n<div><span lang=\"it\">\u2022 Controlliamo inoltre che i tuoi dati siano archiviati in modo sicuro.<\/span><\/div>\n<div>&nbsp;<\/div>\n<div>&nbsp;<\/div>\n<div>&nbsp;<\/div>\n<div><span lang=\"it\">Villa INSULA MEA raccoglie solo la quantit\u00e0 limitata di informazioni su di te necessarie per rispondere alla tua richiesta e, auspicabilmente, stabilire un rapporto commerciale affidabile e a lungo termine.<\/span><\/div>\n<div>&nbsp;<\/div>\n<div><span lang=\"it\">Noi di Villa INSULA MEA abbiamo creato una Privacy Policy che mira ad aiutarti a capire quali informazioni raccogliamo, per quale scopo le utilizziamo e come puoi esercitare i tuoi diritti.<\/span><\/div>\n<div>&nbsp;<\/div>\n<div><span lang=\"it\">\u00c8 importante leggere la nostra Informativa sulla privacy e speriamo che dedicherai il tuo tempo e la tua attenzione.<\/span><\/div>\n<div>&nbsp;<\/div>\n<div>&nbsp;<\/div>\n<div><span lang=\"it\">Come e quali dati raccogliamo?<\/span><\/div>\n<div>&nbsp;<\/div>\n<div><span lang=\"it\">Quando ci contatti tramite il nostro modulo di contatto web o direttamente tramite il nostro indirizzo e-mail.&nbsp;Le informazioni che inserisci (informazioni personali come nome, indirizzo e-mail, numero di telefono) o invii tramite messaggio e-mail diretto verranno elaborate e archiviate in modo che possiamo contattarti e rispondere alla tua richiesta.&nbsp;Se hai meno di 16 anni, devi fornire il consenso di un tuo genitore o tutore prima di fornire informazioni personali.&nbsp;Compilando i moduli di contatto presenti sul nostro sito o contattandoci direttamente via e-mail, garantisci che le informazioni che hai fornito sono corrette e che sei pienamente d&#8217;accordo con quanto previsto dalla nostra Privacy Policy e dalle condizioni ivi specificate.<\/span><\/div>\n<div>&nbsp;<\/div>\n<div>&nbsp;<\/div>\n<div><span lang=\"it\">Informazioni sul Responsabile del trattamento dei tuoi dati<\/span><\/div>\n<div><span lang=\"it\">Il responsabile del trattamento di questo sito web e dei tuoi dati personali \u00e8 Villa INSULA MEA, Svastinj 7, 23212 Tkon.<\/span><\/div>\n<div>&nbsp;<\/div>\n<div>&nbsp;<\/div>\n<div><span lang=\"it\">Qual \u00e8 lo scopo e la base giuridica per la raccolta dei tuoi dati?<\/span><\/div>\n<div><span lang=\"it\">Intraprendere, su vostra richiesta, le attivit\u00e0 pi\u00f9 opportune prima di instaurare qualsiasi rapporto commerciale, in base all&#8217;attivit\u00e0 commerciale della societ\u00e0 e al suo legittimo interesse.<\/span><\/div>\n<div>&nbsp;<\/div>\n<div>&nbsp;<\/div>\n<div><span lang=\"it\">Per quanto tempo verranno conservati i tuoi dati personali?<\/span><\/div>\n<div><span lang=\"it\">Finch\u00e9 abbiamo una comunicazione aperta allo scopo di stabilire una cooperazione commerciale congiunta, nonch\u00e9 durante la validit\u00e0 del nostro rapporto contrattuale.<\/span><\/div>\n<div>&nbsp;<\/div>\n<div>&nbsp;<\/div>\n<div><span lang=\"it\">Come utilizzeremo le informazioni su di te?<\/span><\/div>\n<div><span lang=\"it\">Raccogliamo informazioni su di te in modo da poterti contattare e rispondere alla tua richiesta.&nbsp;Raccogliamo e utilizziamo i tuoi dati personali necessari allo scopo di instaurare il nostro rapporto commerciale, nonch\u00e9 durante la validit\u00e0 del nostro rapporto contrattuale. Durante la durata del rapporto contrattuale, Villa INSULA MEA ti invier\u00e0 informazioni sui nuovi prodotti e servizi che offriamo ritieni possa interessarti, se hai dato il tuo consenso allo stesso contattando la nostra azienda tramite il modulo web.&nbsp;Puoi revocare in qualsiasi momento il consenso che ci hai fornito per questa finalit\u00e0, nel qual caso interromperemo questo trattamento.<\/span><\/div>\n<div>&nbsp;<\/div>\n<div>&nbsp;<\/div>\n<div><span lang=\"it\">statistiche di Google<\/span><\/div>\n<div><span lang=\"it\">Durante la raccolta dei dati personali, alcuni dati possono essere archiviati dalla piattaforma Google Analytics.&nbsp;Per maggiori informazioni sulle regole privacy della piattaforma Google Analytics potete trovare informazioni tramite il seguente link:&nbsp;https:\/\/policies.google.com\/<wbr>privacy?hl=hr.<\/span><\/div>\n<div>&nbsp;<\/div>\n<div>&nbsp;<\/div>\n<div><span lang=\"it\">Informazioni di sicurezza<\/span><\/div>\n<div><span lang=\"it\">Abbiamo fornito misure di sicurezza per proteggere i dati personali che condividi con noi.&nbsp;Le tue informazioni personali sono protette contro la distruzione, la perdita, l&#8217;alterazione accidentale o illegale, la divulgazione non autorizzata o l&#8217;accesso alle informazioni personali trasmesse, archiviate o altrimenti elaborate.<\/span><\/div>\n<div>&nbsp;<\/div>\n<div>&nbsp;<\/div>\n<div><span lang=\"it\">Informazioni sul server del nostro sito web<\/span><\/div>\n<div><span lang=\"it\">Questo sito Web \u00e8 ospitato a livello globale da un noto fornitore di servizi nell&#8217;UE.&nbsp;Questo sito Web \u00e8 ospitato da un fornitore di servizi noto a livello mondiale in Germania e nell&#8217;UE, che la Commissione europea ritiene garantire un livello adeguato di protezione dei dati personali dei cittadini dell&#8217;UE.<\/span><\/div>\n<div>&nbsp;<\/div>\n<div>&nbsp;<\/div>\n<div><span lang=\"it\">Biscotti<\/span><\/div>\n<div><span lang=\"it\">Per facilitare la navigazione delle nostre pagine Internet, il nostro server di rete globale utilizza i cookie.&nbsp;I cookie non possono essere utilizzati per eseguire programmi o installare virus sul tuo computer.&nbsp;La visualizzazione delle nostre pagine \u00e8 possibile anche senza l&#8217;uso dei cookie, se il vostro browser Internet \u00e8 impostato in questo modo.<\/span><\/div>\n<div>&nbsp;<\/div>\n<div>&nbsp;<\/div>\n<div><span lang=\"it\">I tuoi diritti<\/span><\/div>\n<div>\n<p><span lang=\"it\">Hai il diritto di essere informato sul trattamento dei tuoi dati personali, di revocare il tuo consenso in qualsiasi momento, di rettificare o integrare i tuoi dati personali in modo che siano sempre esatti, di cancellare i tuoi dati personali quando non sono pi\u00f9 necessari per quanto sopra finalit\u00e0, di trasferire i tuoi dati personali in forma strutturata e presentare un reclamo a Villa INSULA MEA a Svastinj 7, 23212 Tkon o a&nbsp; info@villainsulamea.com&nbsp; o all\u2019autorit\u00e0 statale competente.<\/span><\/p>\n<div>&nbsp;<\/div>\n<div><b>Il tuo consenso&nbsp;<\/b><\/div>\n<div>Utilizzando questo sito web, dai il tuo consenso a questa politica sulla privacy, ovvero dai il tuo esplicito consenso a Villa INSULA MEA a raccogliere e trattare ulteriormente i tuoi dati personali, nonch\u00e9 qualsiasi altro dato di cui venga a conoscenza fornendo i suoi servizi in conformit\u00e0 con le leggi regolamenti e tutto in conformit\u00e0 con lo scopo definito in tali norme. Confermi inoltre di conoscere tutte le informazioni essenziali su Villa INSULA MEA e i servizi che fornisce.&nbsp;<\/div>\n<div><br><\/div><div><br><\/div>\n<div>Il diritto di proporre reclamo all\u2019autorit\u00e0 competente&nbsp;<\/div><div>In qualsiasi momento \u00e8 possibile presentare un reclamo direttamente all&#8217;organismo di controllo competente: Agenzia per la protezione dei dati personali (AZOP), Marti\u0107eva 14, Zagabria, contatto: +385 (0)1 4609 999, azop@azop.hr, www.azop .ora&nbsp;<\/div><div><br><\/div><div><br><\/div><div>Violazione dei dati personali&nbsp;<\/div><div>Segnaleremo qualsiasi violazione illegale dei dati ad AZOP come autorit\u00e0 competente per la protezione dei dati.&nbsp;<\/div><div><br><\/div><div><br><\/div><div>Modifiche alla nostra politica sulla privacy In caso di modifiche alla nostra politica sulla privacy, ti informeremo su questa pagina e aggiorneremo la data di modifica della politica sulla privacy di seguito come segue.&nbsp;<\/div><div>La presente Informativa sulla privacy \u00e8 stata aggiornata il 29\/04\/2024.<br><\/div>\n<\/div>\n<\/div>\n<\/div>\n<\/div>\n<\/div>\n<div style=\"display: none;\">\n<div>\n<div title=\"Copy\">&nbsp;<\/div>\n<div title=\"Change Color\">&nbsp;<\/div>\n<div title=\"Delete\">&nbsp;<\/div>\n<\/div>\n<\/div>\t\t\t\t\t\t<\/div>\n\t\t\t\t<\/div>\n\t\t\t\t\t<\/div>\n\t\t<\/div>\n\t\t\t\t\t\t\t<\/div>\n\t\t<\/section>\n\t\t\t\t\t\t\t<\/div>\n\t\t","protected":false},"excerpt":{"rendered":"<p>Villa INSULA MEA, Svastinj 7, 23212 Tkon &nbsp; &nbsp; &nbsp; Nell&#8217;ambito della nostra attivit\u00e0 raccogliamo e trattiamo i dati personali forniti dai clienti.&nbsp;Poich\u00e9 la protezione della tua privacy \u00e8 una priorit\u00e0 per noi, abbiamo adottato la seguente Informativa sulla privacy. &nbsp; &nbsp; Villa INSULA MEA aderisce ai seguenti principi al fine di proteggere la tua &hellip;<\/p>\n<p class=\"read-more\"> <a class=\"\" href=\"https:\/\/villainsulamea.com\/it\/informativa-sulla-privacy\/\"> <span class=\"screen-reader-text\">Informativa sulla privacy<\/span> Leggi altro &raquo;<\/a><\/p>\n","protected":false},"author":1,"featured_media":0,"parent":0,"menu_order":0,"comment_status":"closed","ping_status":"closed","template":"","meta":{"_monsterinsights_skip_tracking":false,"_monsterinsights_sitenote_active":false,"_monsterinsights_sitenote_note":"","_monsterinsights_sitenote_category":0,"site-sidebar-layout":"no-sidebar","site-content-layout":"page-builder","ast-site-content-layout":"full-width-container","site-content-style":"unboxed","site-sidebar-style":"unboxed","ast-global-header-display":"","ast-banner-title-visibility":"","ast-main-header-display":"","ast-hfb-above-header-display":"","ast-hfb-below-header-display":"","ast-hfb-mobile-header-display":"","site-post-title":"disabled","ast-breadcrumbs-content":"","ast-featured-img":"disabled","footer-sml-layout":"","theme-transparent-header-meta":"","adv-header-id-meta":"","stick-header-meta":"","header-above-stick-meta":"","header-main-stick-meta":"","header-below-stick-meta":"","astra-migrate-meta-layouts":"","footnotes":""},"_links":{"self":[{"href":"https:\/\/villainsulamea.com\/it\/wp-json\/wp\/v2\/pages\/2324"}],"collection":[{"href":"https:\/\/villainsulamea.com\/it\/wp-json\/wp\/v2\/pages"}],"about":[{"href":"https:\/\/villainsulamea.com\/it\/wp-json\/wp\/v2\/types\/page"}],"author":[{"embeddable":true,"href":"https:\/\/villainsulamea.com\/it\/wp-json\/wp\/v2\/users\/1"}],"replies":[{"embeddable":true,"href":"https:\/\/villainsulamea.com\/it\/wp-json\/wp\/v2\/comments?post=2324"}],"version-history":[{"count":7,"href":"https:\/\/villainsulamea.com\/it\/wp-json\/wp\/v2\/pages\/2324\/revisions"}],"predecessor-version":[{"id":2356,"href":"https:\/\/villainsulamea.com\/it\/wp-json\/wp\/v2\/pages\/2324\/revisions\/2356"}],"wp:attachment":[{"href":"https:\/\/villainsulamea.com\/it\/wp-json\/wp\/v2\/media?parent=2324"}],"curies":[{"name":"wp","href":"https:\/\/api.w.org\/{rel}","templated":true}]}}